{"id":1345,"date":"2017-03-10T10:19:38","date_gmt":"2017-03-10T10:19:38","guid":{"rendered":"http:\/\/localhost\/finance\/?page_id=1345"},"modified":"2020-06-03T16:30:03","modified_gmt":"2020-06-03T16:30:03","slug":"nuestro-equipo","status":"publish","type":"page","link":"https:\/\/www.montaltoconsulting.com\/en\/nuestro-equipo\/","title":{"rendered":"Nuestro Equipo"},"content":{"rendered":"<div class=\"wpb-content-wrapper\"><p>[vc_row parallax_speed=&#8221;4&#8243; parallax_x=&#8221;4&#8243; parallax_y=&#8221;4&#8243;][vc_column][vc_tta_tour][vc_tta_section i_icon_fontawesome=&#8221;fas fa-angle-right&#8221; add_icon=&#8221;true&#8221; title=&#8221;Sobre Nosotros&#8221; tab_id=&#8221;1585676570777-94661751-9b2b&#8221;][vc_row_inner][vc_column_inner][vc_column_text]<\/p>\n<p style=\"text-align: justify;\">Montalto Consulting Group <strong>(mcg)<\/strong> es una empresa que nace de la ilusi\u00f3n de 2 socios provenientes de multinacionales de los sectores de la consultor\u00eda, del sector automotriz, con experiencia en puestos ejecutivos y con carreras desarrolladas en Europa y Am\u00e9rica Latina.<\/p>\n<p style=\"text-align: justify;\">Nuestro objetivo es ofrecer servicios de consultor\u00eda que respondan a los retos reales que tienen las organizaciones, olvid\u00e1ndose de consultoria con soluciones est\u00e1ndares.<\/p>\n<p style=\"text-align: justify;\">Somos especialistas en consultor\u00eda y formaci\u00f3n de sistemas lean, de desarrollo del capital humano, de servicios financieros, de responsabilidad social empresarial y prevenci\u00f3n de riesgos laborales.<\/p>\n<p>[\/vc_column_text][vc_empty_space][\/vc_column_inner][\/vc_row_inner][vc_row_inner][vc_column_inner width=&#8221;1\/2&#8243;][vc_single_image image=&#8221;2358&#8243; img_size=&#8221;medium&#8221; alignment=&#8221;center&#8221; style=&#8221;vc_box_outline&#8221; css_animation=&#8221;fadeIn&#8221;][vc_column_text css=&#8221;.vc_custom_1591201569179{padding-right: 22px !important;padding-left: 22px !important;}&#8221;]<\/p>\n<h4 style=\"text-align: center;\"><span style=\"color: #f1314a;\">Alejo<\/span> Montalto<\/h4>\n<p style=\"text-align: justify;\">Ingeniero de Gesti\u00f3n egresado de la Escuela de Negocio Solvay con programa MBA de la Universidad McGill y MBA (Master in Business Administration) de ICADE, Universidad Pontificia Comillas de Madrid.<\/p>\n<p style=\"text-align: justify;\">Ha liderado varios proyectos internacionales en la Direcci\u00f3n Financiera y Comercial para despu\u00e9s especializarse en \u00e1reas de Calidad, Mejora Continua y Desarrollo Proveedores en multinacional dentro del sector de la automoci\u00f3n. Ha desempe\u00f1ado puestos de Consultor Senior en Latinoam\u00e9rica en el sector industrial y de servicios.<\/p>\n<p style=\"text-align: justify;\">Cofundador y socio de Montessori Jard\u00edn Biling\u00fce y Montessori Liceo Internacional en Bucaramanga, cuenta con diplomados en el \u00e1rea de desarrollo humano en kinesiolog\u00eda (estudio cient\u00edfico del movimiento humano) y coaching emocional aplicado a las organizaciones.<\/p>\n<p>Domina cuatro idiomas: espa\u00f1ol, ingl\u00e9s, italiano y franc\u00e9s.[\/vc_column_text][\/vc_column_inner][vc_column_inner width=&#8221;1\/2&#8243;][vc_single_image image=&#8221;2357&#8243; img_size=&#8221;medium&#8221; alignment=&#8221;center&#8221; style=&#8221;vc_box_outline&#8221; css_animation=&#8221;fadeIn&#8221;][vc_column_text css=&#8221;.vc_custom_1591201710500{padding-right: 15px !important;padding-left: 15px !important;}&#8221;]<\/p>\n<h4 style=\"text-align: center;\"><span style=\"color: #f1314a;\">Pablo<\/span> Ansorena<\/h4>\n<p style=\"text-align: justify;\">Ingeniero Industrial por la Universidad de Valladolid, Master Lean Gold por la Business School Renault-Nissan, Programa Avanzado de Administraci\u00f3n y Direcci\u00f3n de Empresas de la CVE, Auditor de Procesos certificado FIEV.<\/p>\n<p style=\"text-align: justify;\">Ha ocupado puestos de Direcci\u00f3n en las \u00e1reas de Operaciones, Ingenier\u00eda y Mejora Continua dentro del sector de la automoci\u00f3n. Ha desempe\u00f1ado puestos de Consultor Senior y Jefe de Proyectos en consultora internacional con proyectos desempe\u00f1ados en Europa y Latinoam\u00e9rica en el sector industrial, servicios y agro-alimentario.<\/p>\n<p style=\"text-align: justify;\">Colabora como tutor de proyectos en distintas Universidades (Valladolid, Polit\u00e9cnica de Madrid, \u00c9cole 3A Lyon) y docente en Escuelas de Negocios (C\u00e1mara Comercio Valladolid, Universidad de Burgos). Ha escrito art\u00edculos para diferentes publicaciones (Forum Calidad, Qualitas Hodie, Apemar, Blogs especializados).<\/p>\n<p>Domina tres idiomas: espa\u00f1ol, ingl\u00e9s y franc\u00e9s.[\/vc_column_text][\/vc_column_inner][\/vc_row_inner][\/vc_tta_section][vc_tta_section i_icon_fontawesome=&#8221;fas fa-angle-right&#8221; add_icon=&#8221;true&#8221; title=&#8221;Nuestro Equipo&#8221; tab_id=&#8221;nuestro-equipo&#8221;][vc_row_inner][vc_column_inner width=&#8221;2\/3&#8243;][vc_column_text]<\/p>\n<p style=\"text-align: justify;\">Nuestros consultores de <strong>mcg<\/strong> reunimos talento, experiencias laborales contrastadas y perfiles multidisciplinares. Tenemos t\u00edtulos acad\u00e9micos y trayectorias profesionales muy variadas, que abarcan desde la gesti\u00f3n de empresas hasta el derecho o la ingenier\u00eda. Esta variedad de perfiles nos permite a <strong>mcg<\/strong> contar con equipos con una riqueza de perspectivas \u00fanica, que mejora su capacidad para la resoluci\u00f3n de problemas y visi\u00f3n global de las situaciones.<\/p>\n<p style=\"text-align: justify;\">Adem\u00e1s de conocimientos y experiencia todos los consultores dentro de <strong>mcg<\/strong> compartimos unos valores imprescindibles para el \u00e9xito de los proyectos; inquietud, curiosidad, disposici\u00f3n para compartir ideas y experiencias, compromiso sincero con los clientes y pasi\u00f3n por el cambio.<\/p>\n<p>[\/vc_column_text][vc_empty_space][vc_column_text]<\/p>\n<h4 style=\"text-align: justify;\">Nuestro equipo de mcg est\u00e1 conformado por:<\/h4>\n<p>[\/vc_column_text][vc_empty_space][vc_column_text css_animation=&#8221;none&#8221;]<\/p>\n<h4>Consultores Senior \/ Jefes de Proyecto:<\/h4>\n<p style=\"text-align: justify;\">Ejecutivos de multinacionales que fueron responsables de operar y llevar a cabo retos en t\u00e9rminos de calidad, coste y plazo en sus respectivas empresas.<\/p>\n<p>[\/vc_column_text][vc_column_text css_animation=&#8221;none&#8221;]<\/p>\n<h4>Consultores Junior \/ T\u00e9cnicos especialistas:<\/h4>\n<p style=\"text-align: justify;\">Perfiles acad\u00e9micos destacados, con alto nivel de competencias profesionales y personales que permiten dar estructura y soporte a nuestros proyectos.<\/p>\n<p>[\/vc_column_text][vc_empty_space][\/vc_column_inner][vc_column_inner width=&#8221;1\/3&#8243;][vc_gallery type=&#8221;flexslider_slide&#8221; interval=&#8221;3&#8243; images=&#8221;2049,2050,2051&#8243; img_size=&#8221;280&#215;350&#8243; onclick=&#8221;&#8221; css_animation=&#8221;slideInRight&#8221;][\/vc_column_inner][\/vc_row_inner][\/vc_tta_section][vc_tta_section i_icon_fontawesome=&#8221;fas fa-angle-right&#8221; add_icon=&#8221;true&#8221; title=&#8221;Qu\u00e9 nos diferencia&#8221; tab_id=&#8221;diferencias&#8221;][vc_row_inner][vc_column_inner width=&#8221;1\/3&#8243;][vc_icon icon_fontawesome=&#8221;fas fa-trophy&#8221; color=&#8221;custom&#8221; background_style=&#8221;rounded-outline&#8221; background_color=&#8221;custom&#8221; size=&#8221;lg&#8221; align=&#8221;center&#8221; css_animation=&#8221;fadeInDown&#8221; custom_color=&#8221;#f1314a&#8221; custom_background_color=&#8221;#f1314a&#8221;][vc_column_text]<\/p>\n<p style=\"text-align: center;\"><strong>CALIDAD, EL FOCO DE NUESTRO SERVICIO<\/strong><\/p>\n<p style=\"text-align: center;\">En mcg nuestra filosof\u00eda de trabajo es captar y satisfacer las expectativas y requisitos del cliente, orientados a resultados cuantificables.<\/p>\n<p>[\/vc_column_text][vc_empty_space][vc_icon icon_fontawesome=&#8221;fas fa-thumbs-up&#8221; color=&#8221;custom&#8221; background_style=&#8221;rounded-outline&#8221; background_color=&#8221;custom&#8221; size=&#8221;lg&#8221; align=&#8221;center&#8221; css_animation=&#8221;fadeInDown&#8221; custom_color=&#8221;#f1314a&#8221; custom_background_color=&#8221;#f1314a&#8221;][vc_column_text]<\/p>\n<p style=\"text-align: center;\"><strong>ACTITUD POSITIVA<\/strong><\/p>\n<p style=\"text-align: center;\">En mcg nos gusta el reto y hacer de los problemas oportunidades de mejora, hacer los desaf\u00edos de negocio de nuestros clientes los desaf\u00edos de mcg.<\/p>\n<p>[\/vc_column_text][\/vc_column_inner][vc_column_inner width=&#8221;1\/3&#8243;][vc_icon icon_fontawesome=&#8221;far fa-lightbulb&#8221; color=&#8221;custom&#8221; background_style=&#8221;rounded-outline&#8221; background_color=&#8221;custom&#8221; size=&#8221;lg&#8221; align=&#8221;center&#8221; css_animation=&#8221;fadeInDown&#8221; custom_color=&#8221;#f1314a&#8221; custom_background_color=&#8221;#f1314a&#8221;][vc_column_text]<\/p>\n<p style=\"text-align: center;\"><strong>INNOVACI\u00d3N Y CREATIVIDAD<\/strong><\/p>\n<p style=\"text-align: center;\">En mcg incentivamos y gestionamos para conseguir el desarrollo de ideas y soluciones en nuestros clientes buscando ventajas competitivas.<\/p>\n<p>[\/vc_column_text][vc_empty_space][vc_icon icon_fontawesome=&#8221;fas fa-chart-line&#8221; color=&#8221;custom&#8221; background_style=&#8221;rounded-outline&#8221; background_color=&#8221;custom&#8221; size=&#8221;lg&#8221; align=&#8221;center&#8221; css_animation=&#8221;fadeInDown&#8221; custom_color=&#8221;#f1314a&#8221; custom_background_color=&#8221;#f1314a&#8221;][vc_column_text]<\/p>\n<p style=\"text-align: center;\"><strong>LIDERAZGO<\/strong><\/p>\n<p style=\"text-align: center;\">En mcg aceptamos el compromiso con el desarrollo de las personas y de las organizaciones mediante su motivaci\u00f3n.<\/p>\n<p>[\/vc_column_text][\/vc_column_inner][vc_column_inner width=&#8221;1\/3&#8243;][vc_icon icon_fontawesome=&#8221;fas fa-puzzle-piece&#8221; color=&#8221;custom&#8221; background_style=&#8221;rounded-outline&#8221; background_color=&#8221;custom&#8221; size=&#8221;lg&#8221; align=&#8221;center&#8221; css_animation=&#8221;fadeInDown&#8221; custom_color=&#8221;#f1314a&#8221; custom_background_color=&#8221;#f1314a&#8221;][vc_column_text]<\/p>\n<p style=\"text-align: center;\"><strong>PERSONALIZACI\u00d3N DEL SERVICIO<\/strong><\/p>\n<p style=\"text-align: center;\">Para cada uno de nuestros clientes, en mcg ofrecemos una soluci\u00f3n a la medida, evitando implementar soluciones pre-establecidas.<\/p>\n<p>[\/vc_column_text][vc_empty_space][vc_icon icon_fontawesome=&#8221;fas fa-user-friends&#8221; color=&#8221;custom&#8221; background_style=&#8221;rounded-outline&#8221; background_color=&#8221;custom&#8221; size=&#8221;lg&#8221; align=&#8221;center&#8221; css_animation=&#8221;fadeInDown&#8221; custom_color=&#8221;#f1314a&#8221; custom_background_color=&#8221;#f1314a&#8221;][vc_column_text]<\/p>\n<p style=\"text-align: center;\"><strong>EQUIPOS GLOBALES<\/strong><\/p>\n<p style=\"text-align: center;\">mcg somos una empresa de consultor\u00eda capaz de proporcionar aut\u00e9nticos equipos globales y cohesionados debido a su experiencia y presencia en Europa y Am\u00e9rica Latina.<\/p>\n<p>[\/vc_column_text][\/vc_column_inner][\/vc_row_inner][\/vc_tta_section][vc_tta_section i_icon_fontawesome=&#8221;fas fa-angle-right&#8221; add_icon=&#8221;true&#8221; title=&#8221;Alianzas&#8221; tab_id=&#8221;alianzas&#8221;][vc_column_text]<\/p>\n<p style=\"text-align: justify;\">Para responder a las demandas diversas de un mercado globalizado, hemos ampliado y fortalecido nuestra capacidad local con alianzas nacionales e internacionales, que nos permiten responder eficazmente cualquier necesidad de nuestros clientes <strong>mcg<\/strong> mantiene alianzas estrat\u00e9gicas con socios e institutos nacionales e internacionales buscando mejorar la oferta de soluciones para las organizaciones.<\/p>\n<p style=\"text-align: justify;\">Creemos en la b\u00fasqueda de la excelencia a trav\u00e9s del trabajo en conjunto, es por eso que tenemos fuertes alianzas comerciales y acad\u00e9micas con reconocidas instituciones.<\/p>\n<p>[\/vc_column_text][vc_empty_space][vc_custom_heading text=&#8221;Onyx Consulting&#8221; font_container=&#8221;tag:h2|text_align:left|color:%23f1314a&#8221; use_theme_fonts=&#8221;yes&#8221;][vc_column_text]<\/p>\n<p style=\"text-align: justify;\">Onyx Consulting es una consultora, establecidad en Suiza, dedicada a la formci\u00f3n y consultoria financiera, gesti\u00f3n de riesgo y creaci\u00f3n de Valor, brindando certificaciones del CFA (Chartered Financial Analyst).<\/p>\n<p style=\"text-align: justify;\">Onyx Tiene Partners internacionalmente reconocidos como las prestigiosas escuelas de negocio Basel School of Business, HEC Paris, LSE (London Business School), UPEC, universidad de Zurich, Business School Lausanne, ESCP Europe para mencionar solo algunas.<\/p>\n<p style=\"text-align: justify;\">Su fundadora y Directora general, Jacqueline Haverals, ha realizado varias publicaciones internacionales que pod\u00e9is ver en su pagina web.<\/p>\n<p style=\"text-align: justify;\"><em>www.onyxconsulting.ch<\/em><\/p>\n<p>[\/vc_column_text][vc_empty_space][vc_custom_heading text=&#8221;Escuela de destrezas&#8221; font_container=&#8221;tag:h2|text_align:left|color:%23f1314a&#8221; use_theme_fonts=&#8221;yes&#8221;][vc_column_text]<\/p>\n<p style=\"text-align: justify;\">El objetivo de este proyecto es proporcionar a los j\u00f3venes el entrenamiento en habilidades y destrezas, que les permitan acceder a oportunidades laborales una vez terminen su ciclo escolar.<\/p>\n<p style=\"text-align: justify;\">S\u00f3lo el 1% de los j\u00f3venes ubicados en zonas rurales tiene acceso a la educaci\u00f3n superior.<\/p>\n<p style=\"text-align: justify;\">Las Escuelas de Destreza son una herramienta que les permite aprender un oficio, acceder a un empleo y continuar con su preparaci\u00f3n.<\/p>\n<p><a href=\"\/wp-content\/uploads\/2020\/04\/Escuelas-de-Destreza.pdf\" target=\"_blank\" rel=\"noopener\"><span style=\"color: #ff0000;\">Descargar PDF<\/span><\/a>[\/vc_column_text][vc_empty_space height=&#8221;20px&#8221;][\/vc_tta_section][\/vc_tta_tour][\/vc_column][\/vc_row]<\/p>\n<\/div>","protected":false},"excerpt":{"rendered":"<p> [&hellip;]<\/p>\n","protected":false},"author":1,"featured_media":0,"parent":0,"menu_order":0,"comment_status":"closed","ping_status":"closed","template":"tpl\/page_fullwidth.php","meta":{"footnotes":""},"class_list":["post-1345","page","type-page","status-publish","hentry"],"yoast_head":"<!-- This site is optimized with the Yoast SEO plugin v27.2 - https:\/\/yoast.com\/product\/yoast-seo-wordpress\/ -->\n<title>Nuestro Equipo - Montalto Consulting<\/title>\n<meta name=\"robots\" content=\"index, follow, max-snippet:-1, max-image-preview:large, max-video-preview:-1\" \/>\n<link rel=\"canonical\" href=\"https:\/\/www.montaltoconsulting.com\/en\/nuestro-equipo\/\" \/>\n<meta property=\"og:locale\" content=\"en_US\" \/>\n<meta property=\"og:locale:alternate\" content=\"es_ES\" \/>\n<meta property=\"og:type\" content=\"article\" \/>\n<meta property=\"og:title\" content=\"Nuestro Equipo - Montalto Consulting\" \/>\n<meta property=\"og:description\" content=\"[&hellip;]\" \/>\n<meta property=\"og:url\" content=\"https:\/\/www.montaltoconsulting.com\/en\/nuestro-equipo\/\" \/>\n<meta property=\"og:site_name\" content=\"Montalto Consulting\" \/>\n<meta property=\"article:modified_time\" content=\"2020-06-03T16:30:03+00:00\" \/>\n<meta name=\"twitter:card\" content=\"summary_large_image\" \/>\n<meta name=\"twitter:label1\" content=\"Est. reading time\" \/>\n\t<meta name=\"twitter:data1\" content=\"8 minutes\" \/>\n<script type=\"application\/ld+json\" class=\"yoast-schema-graph\">{\"@context\":\"https:\/\/schema.org\",\"@graph\":[{\"@type\":\"WebPage\",\"@id\":\"https:\/\/www.montaltoconsulting.com\/es\/nuestro-equipo\/\",\"url\":\"https:\/\/www.montaltoconsulting.com\/es\/nuestro-equipo\/\",\"name\":\"Nuestro Equipo - Montalto Consulting\",\"isPartOf\":{\"@id\":\"https:\/\/www.montaltoconsulting.com\/es\/#website\"},\"datePublished\":\"2017-03-10T10:19:38+00:00\",\"dateModified\":\"2020-06-03T16:30:03+00:00\",\"breadcrumb\":{\"@id\":\"https:\/\/www.montaltoconsulting.com\/es\/nuestro-equipo\/#breadcrumb\"},\"inLanguage\":\"en-US\",\"potentialAction\":[{\"@type\":\"ReadAction\",\"target\":[\"https:\/\/www.montaltoconsulting.com\/es\/nuestro-equipo\/\"]}]},{\"@type\":\"BreadcrumbList\",\"@id\":\"https:\/\/www.montaltoconsulting.com\/es\/nuestro-equipo\/#breadcrumb\",\"itemListElement\":[{\"@type\":\"ListItem\",\"position\":1,\"name\":\"Portada\",\"item\":\"https:\/\/www.montaltoconsulting.com\/es\/\"},{\"@type\":\"ListItem\",\"position\":2,\"name\":\"Nuestro Equipo\"}]},{\"@type\":\"WebSite\",\"@id\":\"https:\/\/www.montaltoconsulting.com\/es\/#website\",\"url\":\"https:\/\/www.montaltoconsulting.com\/es\/\",\"name\":\"Montalto Consulting\",\"description\":\"Montalto Consulting Group\",\"potentialAction\":[{\"@type\":\"SearchAction\",\"target\":{\"@type\":\"EntryPoint\",\"urlTemplate\":\"https:\/\/www.montaltoconsulting.com\/es\/?s={search_term_string}\"},\"query-input\":{\"@type\":\"PropertyValueSpecification\",\"valueRequired\":true,\"valueName\":\"search_term_string\"}}],\"inLanguage\":\"en-US\"}]}<\/script>\n<!-- \/ Yoast SEO plugin. -->","yoast_head_json":{"title":"Nuestro Equipo - Montalto Consulting","robots":{"index":"index","follow":"follow","max-snippet":"max-snippet:-1","max-image-preview":"max-image-preview:large","max-video-preview":"max-video-preview:-1"},"canonical":"https:\/\/www.montaltoconsulting.com\/en\/nuestro-equipo\/","og_locale":"en_US","og_type":"article","og_title":"Nuestro Equipo - Montalto Consulting","og_description":"[&hellip;]","og_url":"https:\/\/www.montaltoconsulting.com\/en\/nuestro-equipo\/","og_site_name":"Montalto Consulting","article_modified_time":"2020-06-03T16:30:03+00:00","twitter_card":"summary_large_image","twitter_misc":{"Est. reading time":"8 minutes"},"schema":{"@context":"https:\/\/schema.org","@graph":[{"@type":"WebPage","@id":"https:\/\/www.montaltoconsulting.com\/es\/nuestro-equipo\/","url":"https:\/\/www.montaltoconsulting.com\/es\/nuestro-equipo\/","name":"Nuestro Equipo - Montalto Consulting","isPartOf":{"@id":"https:\/\/www.montaltoconsulting.com\/es\/#website"},"datePublished":"2017-03-10T10:19:38+00:00","dateModified":"2020-06-03T16:30:03+00:00","breadcrumb":{"@id":"https:\/\/www.montaltoconsulting.com\/es\/nuestro-equipo\/#breadcrumb"},"inLanguage":"en-US","potentialAction":[{"@type":"ReadAction","target":["https:\/\/www.montaltoconsulting.com\/es\/nuestro-equipo\/"]}]},{"@type":"BreadcrumbList","@id":"https:\/\/www.montaltoconsulting.com\/es\/nuestro-equipo\/#breadcrumb","itemListElement":[{"@type":"ListItem","position":1,"name":"Portada","item":"https:\/\/www.montaltoconsulting.com\/es\/"},{"@type":"ListItem","position":2,"name":"Nuestro Equipo"}]},{"@type":"WebSite","@id":"https:\/\/www.montaltoconsulting.com\/es\/#website","url":"https:\/\/www.montaltoconsulting.com\/es\/","name":"Montalto Consulting","description":"Montalto Consulting Group","potentialAction":[{"@type":"SearchAction","target":{"@type":"EntryPoint","urlTemplate":"https:\/\/www.montaltoconsulting.com\/es\/?s={search_term_string}"},"query-input":{"@type":"PropertyValueSpecification","valueRequired":true,"valueName":"search_term_string"}}],"inLanguage":"en-US"}]}},"_links":{"self":[{"href":"https:\/\/www.montaltoconsulting.com\/en\/wp-json\/wp\/v2\/pages\/1345","targetHints":{"allow":["GET"]}}],"collection":[{"href":"https:\/\/www.montaltoconsulting.com\/en\/wp-json\/wp\/v2\/pages"}],"about":[{"href":"https:\/\/www.montaltoconsulting.com\/en\/wp-json\/wp\/v2\/types\/page"}],"author":[{"embeddable":true,"href":"https:\/\/www.montaltoconsulting.com\/en\/wp-json\/wp\/v2\/users\/1"}],"replies":[{"embeddable":true,"href":"https:\/\/www.montaltoconsulting.com\/en\/wp-json\/wp\/v2\/comments?post=1345"}],"version-history":[{"count":67,"href":"https:\/\/www.montaltoconsulting.com\/en\/wp-json\/wp\/v2\/pages\/1345\/revisions"}],"predecessor-version":[{"id":2381,"href":"https:\/\/www.montaltoconsulting.com\/en\/wp-json\/wp\/v2\/pages\/1345\/revisions\/2381"}],"wp:attachment":[{"href":"https:\/\/www.montaltoconsulting.com\/en\/wp-json\/wp\/v2\/media?parent=1345"}],"curies":[{"name":"wp","href":"https:\/\/api.w.org\/{rel}","templated":true}]}}