{"id":1373,"date":"2017-03-11T08:13:00","date_gmt":"2017-03-11T08:13:00","guid":{"rendered":"http:\/\/localhost\/finance\/?page_id=1373"},"modified":"2020-09-23T06:18:06","modified_gmt":"2020-09-23T06:18:06","slug":"servicios","status":"publish","type":"page","link":"https:\/\/www.montaltoconsulting.com\/es\/servicios\/","title":{"rendered":"Servicios"},"content":{"rendered":"<div class=\"wpb-content-wrapper\"><p>[vc_row parallax_speed=\u00bb4&#8243; parallax_x=\u00bb4&#8243; parallax_y=\u00bb4&#8243; css=\u00bb.vc_custom_1489221853718{padding-top: 80px !important;padding-bottom: 100px !important;}\u00bb][vc_column][vc_row_inner][vc_column_inner]<div class=\"title-section  style3\">\n\t\t<h1 class=\"title\">\n\t\t\tQue podemos ofrecerte!\t\t\t\n\t\t<\/h1>\t\t\n\t\t\n\t\t\t<div class=\"title-content\">\n\t\t\t\t<p>El know-how de mcg en la filosof\u00eda Lean aportar\u00e1 a su organizaci\u00f3n soluciones para lograr ser m\u00e1s productivos, eficientes y rentables.<\/p>\n\n\t\t\t<\/div>\n\n\t<\/div>[\/vc_column_inner][\/vc_row_inner][vc_empty_space height=\u00bb40px\u00bb][vc_row_inner][vc_column_inner width=\u00bb1\/3&#8243;]\t\n\t<div class=\"flat-imagebox services-grid \">\n\t\t<div class=\"flat-imagebox-inner\">\n\t\t\t\t\t\t\t<div class=\"flat-imagebox-image\">\n\t\t\t\t\t<a href=\"\/servicios\/consultoria-lean\/\" target=\"_self\"><img decoding=\"async\" class=\"\" src=\"https:\/\/www.montaltoconsulting.com\/wp-content\/uploads\/2020\/06\/servicio6.jpg\" width=\"370\" height=\"240\" alt=\"servicio6\" title=\"servicio6\" loading=\"lazy\" \/><\/a>\t\t\t\t<\/div>\n\n\t\t\t\n\t\t\t<div class=\"flat-imagebox-header\">\n\t\t\t\t<h3 class=\"flat-imagebox-title\">\n\t\t\t\t\t<a href=\"\/servicios\/consultoria-lean\/\" target=\"_self\">\n\t\t\t\t\t\t\t\t\t\t\t<\/a>\t\n\t\t\t\t<\/h3>\n\n\t\t\t\t\t\t\t<\/div>\n\n\t\t\t<div class=\"flat-imagebox-content\">\n\t\t\t\t\t\t\t\t\n\t\t\t\t\t\t\t<\/div>\n\t\t<\/div>\n\t<\/div>\t\n[vc_column_text]<\/p>\n<h4 style=\"text-align: center;\">Consultor\u00eda Lean<\/h4>\n<p style=\"text-align: center;\"><a href=\"\/servicios\/consultoria-lean\/\">Leer m\u00e1s<\/a><\/p>\n<p>[\/vc_column_text][vc_empty_space]\t\n\t<div class=\"flat-imagebox services-grid \">\n\t\t<div class=\"flat-imagebox-inner\">\n\t\t\t\t\t\t\t<div class=\"flat-imagebox-image\">\n\t\t\t\t\t<a href=\"\/servicios\/consultoria-rse-y-prl\/\" target=\"_self\"><img decoding=\"async\" class=\"\" src=\"https:\/\/www.montaltoconsulting.com\/wp-content\/uploads\/2017\/03\/servicio8.jpg\" width=\"370\" height=\"240\" alt=\"servicio8\" title=\"servicio8\" loading=\"lazy\" \/><\/a>\t\t\t\t<\/div>\n\n\t\t\t\n\t\t\t<div class=\"flat-imagebox-header\">\n\t\t\t\t<h3 class=\"flat-imagebox-title\">\n\t\t\t\t\t<a href=\"\/servicios\/consultoria-rse-y-prl\/\" target=\"_self\">\n\t\t\t\t\t\t\t\t\t\t\t<\/a>\t\n\t\t\t\t<\/h3>\n\n\t\t\t\t\t\t\t<\/div>\n\n\t\t\t<div class=\"flat-imagebox-content\">\n\t\t\t\t\t\t\t\t\n\t\t\t\t\t\t\t<\/div>\n\t\t<\/div>\n\t<\/div>\t\n[vc_column_text]<\/p>\n<h4 style=\"text-align: center;\">Consultor\u00eda RSE y PRL<\/h4>\n<p style=\"text-align: center;\"><a href=\"\/servicios\/consultoria-rse-y-prl\/\">Leer m\u00e1s<\/a><\/p>\n<p>[\/vc_column_text][\/vc_column_inner][vc_column_inner width=\u00bb1\/3&#8243;]\t\n\t<div class=\"flat-imagebox services-grid \">\n\t\t<div class=\"flat-imagebox-inner\">\n\t\t\t\t\t\t\t<div class=\"flat-imagebox-image\">\n\t\t\t\t\t<a href=\"\" target=\"_self\"><img decoding=\"async\" class=\"\" src=\"https:\/\/www.montaltoconsulting.com\/wp-content\/uploads\/2020\/06\/servicio3.jpg\" width=\"370\" height=\"240\" alt=\"servicio3\" title=\"servicio3\" loading=\"lazy\" \/><\/a>\t\t\t\t<\/div>\n\n\t\t\t\n\t\t\t<div class=\"flat-imagebox-header\">\n\t\t\t\t<h3 class=\"flat-imagebox-title\">\n\t\t\t\t\t<a href=\"\" target=\"_self\">\n\t\t\t\t\t\t\t\t\t\t\t<\/a>\t\n\t\t\t\t<\/h3>\n\n\t\t\t\t\t\t\t<\/div>\n\n\t\t\t<div class=\"flat-imagebox-content\">\n\t\t\t\t\t\t\t\t\n\t\t\t\t\t\t\t<\/div>\n\t\t<\/div>\n\t<\/div>\t\n[vc_column_text]<\/p>\n<h4 style=\"text-align: center;\">Consultor\u00eda Organizaci\u00f3n y RR.HH<\/h4>\n<p style=\"text-align: center;\"><a href=\"\/servicios\/consultoria-organizacion-y-rr-hh\/\">Leer m\u00e1s<\/a><\/p>\n<p>[\/vc_column_text][vc_empty_space]\t\n\t<div class=\"flat-imagebox services-grid \">\n\t\t<div class=\"flat-imagebox-inner\">\n\t\t\t\t\t\t\t<div class=\"flat-imagebox-image\">\n\t\t\t\t\t<a href=\"\" target=\"_self\"><img decoding=\"async\" class=\"\" src=\"https:\/\/www.montaltoconsulting.com\/wp-content\/uploads\/2020\/06\/servicio4.jpg\" width=\"370\" height=\"240\" alt=\"servicio4\" title=\"servicio4\" loading=\"lazy\" \/><\/a>\t\t\t\t<\/div>\n\n\t\t\t\n\t\t\t<div class=\"flat-imagebox-header\">\n\t\t\t\t<h3 class=\"flat-imagebox-title\">\n\t\t\t\t\t<a href=\"\" target=\"_self\">\n\t\t\t\t\t\t\t\t\t\t\t<\/a>\t\n\t\t\t\t<\/h3>\n\n\t\t\t\t\t\t\t<\/div>\n\n\t\t\t<div class=\"flat-imagebox-content\">\n\t\t\t\t\t\t\t\t\n\t\t\t\t\t\t\t<\/div>\n\t\t<\/div>\n\t<\/div>\t\n[vc_column_text]<\/p>\n<h4 style=\"text-align: center;\">Consultor\u00eda Gesti\u00f3n Global de Proyectos<\/h4>\n<p style=\"text-align: center;\"><a href=\"\/servicios\/consultoria-gestion-global-de-proyectos\/\">Leer m\u00e1s<\/a><\/p>\n<p>[\/vc_column_text][\/vc_column_inner][vc_column_inner width=\u00bb1\/3&#8243;]\t\n\t<div class=\"flat-imagebox services-grid \">\n\t\t<div class=\"flat-imagebox-inner\">\n\t\t\t\t\t\t\t<div class=\"flat-imagebox-image\">\n\t\t\t\t\t<a href=\"\" target=\"_self\"><img decoding=\"async\" class=\"\" src=\"https:\/\/www.montaltoconsulting.com\/wp-content\/uploads\/2020\/06\/servicio5.jpg\" width=\"370\" height=\"240\" alt=\"servicio5\" title=\"servicio5\" loading=\"lazy\" \/><\/a>\t\t\t\t<\/div>\n\n\t\t\t\n\t\t\t<div class=\"flat-imagebox-header\">\n\t\t\t\t<h3 class=\"flat-imagebox-title\">\n\t\t\t\t\t<a href=\"\" target=\"_self\">\n\t\t\t\t\t\t\t\t\t\t\t<\/a>\t\n\t\t\t\t<\/h3>\n\n\t\t\t\t\t\t\t<\/div>\n\n\t\t\t<div class=\"flat-imagebox-content\">\n\t\t\t\t\t\t\t\t\n\t\t\t\t\t\t\t<\/div>\n\t\t<\/div>\n\t<\/div>\t\n[vc_column_text]<\/p>\n<h4 style=\"text-align: center;\">Consultor\u00eda Estrategia y Direcci\u00f3n<\/h4>\n<p style=\"text-align: center;\"><a href=\"\/servicios\/consultoria-estrategia-y-direccion\/\">Leer m\u00e1s<\/a><\/p>\n<p>[\/vc_column_text][vc_empty_space]\t\n\t<div class=\"flat-imagebox services-grid \">\n\t\t<div class=\"flat-imagebox-inner\">\n\t\t\t\t\t\t\t<div class=\"flat-imagebox-image\">\n\t\t\t\t\t<a href=\"\" target=\"_self\"><img decoding=\"async\" class=\"\" src=\"https:\/\/www.montaltoconsulting.com\/wp-content\/uploads\/2020\/06\/servicio1a.jpg\" width=\"370\" height=\"240\" alt=\"servicio1a\" title=\"servicio1a\" loading=\"lazy\" \/><\/a>\t\t\t\t<\/div>\n\n\t\t\t\n\t\t\t<div class=\"flat-imagebox-header\">\n\t\t\t\t<h3 class=\"flat-imagebox-title\">\n\t\t\t\t\t<a href=\"\" target=\"_self\">\n\t\t\t\t\t\t\t\t\t\t\t<\/a>\t\n\t\t\t\t<\/h3>\n\n\t\t\t\t\t\t\t<\/div>\n\n\t\t\t<div class=\"flat-imagebox-content\">\n\t\t\t\t\t\t\t\t\n\t\t\t\t\t\t\t<\/div>\n\t\t<\/div>\n\t<\/div>\t\n[vc_column_text]<\/p>\n<h4 style=\"text-align: center;\">Programa MCG Pro<\/h4>\n<p style=\"text-align: center;\"><a href=\"\/servicios\/programa-mcg-pro\/\">Leer m\u00e1s<\/a><\/p>\n<p>[\/vc_column_text][\/vc_column_inner][\/vc_row_inner][vc_empty_space height=\u00bb60px\u00bb][vc_row_inner][vc_column_inner width=\u00bb1\/2&#8243;][\/vc_column_inner][vc_column_inner width=\u00bb1\/2&#8243;][\/vc_column_inner][\/vc_row_inner][\/vc_column][\/vc_row]<\/p>\n<\/div>","protected":false},"excerpt":{"rendered":"<p> [&hellip;]<\/p>\n","protected":false},"author":1,"featured_media":0,"parent":0,"menu_order":0,"comment_status":"closed","ping_status":"closed","template":"tpl\/page_fullwidth.php","meta":{"footnotes":""},"class_list":["post-1373","page","type-page","status-publish","hentry"],"yoast_head":"<!-- This site is optimized with the Yoast SEO plugin v27.2 - https:\/\/yoast.com\/product\/yoast-seo-wordpress\/ -->\n<title>Servicios<\/title>\n<meta name=\"robots\" content=\"index, follow, max-snippet:-1, max-image-preview:large, max-video-preview:-1\" \/>\n<link rel=\"canonical\" href=\"https:\/\/www.montaltoconsulting.com\/es\/servicios\/\" \/>\n<meta property=\"og:locale\" content=\"es_ES\" \/>\n<meta property=\"og:locale:alternate\" content=\"en_US\" \/>\n<meta property=\"og:type\" content=\"article\" \/>\n<meta property=\"og:title\" content=\"Servicios\" \/>\n<meta property=\"og:description\" content=\"[&hellip;]\" \/>\n<meta property=\"og:url\" content=\"https:\/\/www.montaltoconsulting.com\/es\/servicios\/\" \/>\n<meta property=\"og:site_name\" content=\"Montalto Consulting\" \/>\n<meta property=\"article:modified_time\" content=\"2020-09-23T06:18:06+00:00\" \/>\n<meta name=\"twitter:card\" content=\"summary_large_image\" \/>\n<meta name=\"twitter:label1\" content=\"Tiempo de lectura\" \/>\n\t<meta name=\"twitter:data1\" content=\"3 minutos\" \/>\n<script type=\"application\/ld+json\" class=\"yoast-schema-graph\">{\"@context\":\"https:\/\/schema.org\",\"@graph\":[{\"@type\":\"WebPage\",\"@id\":\"https:\/\/www.montaltoconsulting.com\/es\/servicios\/\",\"url\":\"https:\/\/www.montaltoconsulting.com\/es\/servicios\/\",\"name\":\"Servicios\",\"isPartOf\":{\"@id\":\"https:\/\/www.montaltoconsulting.com\/es\/#website\"},\"datePublished\":\"2017-03-11T08:13:00+00:00\",\"dateModified\":\"2020-09-23T06:18:06+00:00\",\"breadcrumb\":{\"@id\":\"https:\/\/www.montaltoconsulting.com\/es\/servicios\/#breadcrumb\"},\"inLanguage\":\"es-ES\",\"potentialAction\":[{\"@type\":\"ReadAction\",\"target\":[\"https:\/\/www.montaltoconsulting.com\/es\/servicios\/\"]}]},{\"@type\":\"BreadcrumbList\",\"@id\":\"https:\/\/www.montaltoconsulting.com\/es\/servicios\/#breadcrumb\",\"itemListElement\":[{\"@type\":\"ListItem\",\"position\":1,\"name\":\"Portada\",\"item\":\"https:\/\/www.montaltoconsulting.com\/es\/\"},{\"@type\":\"ListItem\",\"position\":2,\"name\":\"Servicios\"}]},{\"@type\":\"WebSite\",\"@id\":\"https:\/\/www.montaltoconsulting.com\/es\/#website\",\"url\":\"https:\/\/www.montaltoconsulting.com\/es\/\",\"name\":\"Montalto Consulting\",\"description\":\"Montalto Consulting Group\",\"potentialAction\":[{\"@type\":\"SearchAction\",\"target\":{\"@type\":\"EntryPoint\",\"urlTemplate\":\"https:\/\/www.montaltoconsulting.com\/es\/?s={search_term_string}\"},\"query-input\":{\"@type\":\"PropertyValueSpecification\",\"valueRequired\":true,\"valueName\":\"search_term_string\"}}],\"inLanguage\":\"es-ES\"}]}<\/script>\n<!-- \/ Yoast SEO plugin. -->","yoast_head_json":{"title":"Servicios","robots":{"index":"index","follow":"follow","max-snippet":"max-snippet:-1","max-image-preview":"max-image-preview:large","max-video-preview":"max-video-preview:-1"},"canonical":"https:\/\/www.montaltoconsulting.com\/es\/servicios\/","og_locale":"es_ES","og_type":"article","og_title":"[:en]Services[:es]Servicios[:] - Montalto Consulting","og_description":"[&hellip;]","og_url":"https:\/\/www.montaltoconsulting.com\/es\/servicios\/","og_site_name":"Montalto Consulting","article_modified_time":"2020-09-23T06:18:06+00:00","twitter_card":"summary_large_image","twitter_misc":{"Tiempo de lectura":"3 minutos"},"schema":{"@context":"https:\/\/schema.org","@graph":[{"@type":"WebPage","@id":"https:\/\/www.montaltoconsulting.com\/es\/servicios\/","url":"https:\/\/www.montaltoconsulting.com\/es\/servicios\/","name":"Servicios","isPartOf":{"@id":"https:\/\/www.montaltoconsulting.com\/es\/#website"},"datePublished":"2017-03-11T08:13:00+00:00","dateModified":"2020-09-23T06:18:06+00:00","breadcrumb":{"@id":"https:\/\/www.montaltoconsulting.com\/es\/servicios\/#breadcrumb"},"inLanguage":"es-ES","potentialAction":[{"@type":"ReadAction","target":["https:\/\/www.montaltoconsulting.com\/es\/servicios\/"]}]},{"@type":"BreadcrumbList","@id":"https:\/\/www.montaltoconsulting.com\/es\/servicios\/#breadcrumb","itemListElement":[{"@type":"ListItem","position":1,"name":"Portada","item":"https:\/\/www.montaltoconsulting.com\/es\/"},{"@type":"ListItem","position":2,"name":"Servicios"}]},{"@type":"WebSite","@id":"https:\/\/www.montaltoconsulting.com\/es\/#website","url":"https:\/\/www.montaltoconsulting.com\/es\/","name":"Montalto Consulting","description":"Montalto Consulting Group","potentialAction":[{"@type":"SearchAction","target":{"@type":"EntryPoint","urlTemplate":"https:\/\/www.montaltoconsulting.com\/es\/?s={search_term_string}"},"query-input":{"@type":"PropertyValueSpecification","valueRequired":true,"valueName":"search_term_string"}}],"inLanguage":"es-ES"}]}},"_links":{"self":[{"href":"https:\/\/www.montaltoconsulting.com\/es\/wp-json\/wp\/v2\/pages\/1373","targetHints":{"allow":["GET"]}}],"collection":[{"href":"https:\/\/www.montaltoconsulting.com\/es\/wp-json\/wp\/v2\/pages"}],"about":[{"href":"https:\/\/www.montaltoconsulting.com\/es\/wp-json\/wp\/v2\/types\/page"}],"author":[{"embeddable":true,"href":"https:\/\/www.montaltoconsulting.com\/es\/wp-json\/wp\/v2\/users\/1"}],"replies":[{"embeddable":true,"href":"https:\/\/www.montaltoconsulting.com\/es\/wp-json\/wp\/v2\/comments?post=1373"}],"version-history":[{"count":31,"href":"https:\/\/www.montaltoconsulting.com\/es\/wp-json\/wp\/v2\/pages\/1373\/revisions"}],"predecessor-version":[{"id":2526,"href":"https:\/\/www.montaltoconsulting.com\/es\/wp-json\/wp\/v2\/pages\/1373\/revisions\/2526"}],"wp:attachment":[{"href":"https:\/\/www.montaltoconsulting.com\/es\/wp-json\/wp\/v2\/media?parent=1373"}],"curies":[{"name":"wp","href":"https:\/\/api.w.org\/{rel}","templated":true}]}}