{"id":1395,"date":"2017-03-11T09:01:19","date_gmt":"2017-03-11T09:01:19","guid":{"rendered":"http:\/\/localhost\/finance\/?page_id=1395"},"modified":"2020-09-23T16:34:44","modified_gmt":"2020-09-23T16:34:44","slug":"home-widget-header","status":"publish","type":"page","link":"https:\/\/www.montaltoconsulting.com\/es\/","title":{"rendered":"Inicio"},"content":{"rendered":"<div class=\"wpb-content-wrapper\"><p>[vc_row full_width=\u00bbstretch_row_content_no_spaces\u00bb parallax_speed=\u00bb4&#8243; parallax_x=\u00bb4&#8243; parallax_y=\u00bb4&#8243;][vc_column][rev_slider_vc alias=\u00bbslide-home\u00bb][\/vc_column][\/vc_row][vc_row full_width=\u00bbstretch_row\u00bb disable_element=\u00bbyes\u00bb parallax_speed=\u00bb4&#8243; parallax_x=\u00bb4&#8243; parallax_y=\u00bb4&#8243; css=\u00bb.vc_custom_1588112416380{padding-top: 60px !important;padding-bottom: 60px !important;}\u00bb][vc_column width=\u00bb1\/2&#8243;][vc_custom_heading text=\u00bbNOSOTROS\u00bb font_container=\u00bbtag:h2|text_align:left|color:%23ff2e4e\u00bb use_theme_fonts=\u00bbyes\u00bb][vc_empty_space][vc_column_text]<\/p>\n<p style=\"text-align: justify;\"><strong>Montalto Consulting Group (MCG)<\/strong> es una empresa que nace en el 2016 con dos socios que han desarrollado puestos ejecutivos en diferentes multinacionales de Europa y Am\u00e9rica Latina, nuestra experiencia nos permite adaptar la metodolog\u00eda <strong>LEAN<\/strong> en su organizaci\u00f3n, convirtiendo a cada una de las personas que trabajan con nosotros en motores de cambio.<\/p>\n<p class=\"btn-cons\"><a href=\"\/nuestro-equipo\/\">CON\u00d3CENOS<\/a><\/p>\n<p>[\/vc_column_text][\/vc_column][vc_column width=\u00bb1\/2&#8243;][vc_single_image image=\u00bb1775&#8243; img_size=\u00bbfull\u00bb style=\u00bbvc_box_border\u00bb css_animation=\u00bbslideInRight\u00bb][\/vc_column][\/vc_row][vc_row full_width=\u00bbstretch_row\u00bb css_animation=\u00bbfadeIn\u00bb parallax_speed=\u00bb4&#8243; parallax_x=\u00bb4&#8243; parallax_y=\u00bb4&#8243; css=\u00bb.vc_custom_1583162477866{padding-top: 100px !important;padding-bottom: 76px !important;background-color: #f7f7f7 !important;}\u00bb][vc_column][vc_row_inner][vc_column_inner]<div class=\"title-section  style1\">\n\t\t<h1 class=\"title\">\n\t\t\tNuestros Servicios\t\t\t\n\t\t<\/h1>\t\t\n\t\t\n\n\t<\/div>[vc_empty_space height=\u00bb20px\u00bb][\/vc_column_inner][\/vc_row_inner][vc_tta_tabs][vc_tta_section title=\u00bbConsultoria LEAN\u00bb tab_id=\u00bb1584544515613-ea61b118-6223&#8243;][vc_row_inner][vc_column_inner width=\u00bb1\/2&#8243;][vc_empty_space height=\u00bb30px\u00bb]<div class=\"flat-iconbox iconbox-style1 left circle\">\n\t\t<div class=\"flat-iconbox-header\">\n\t\t\t<div class=\"flat-iconbox-icon\"><span class=\"ion-ios-lightbulb-outline\"><\/span><\/div>\n\t\t\t<h4 class=\"flat-iconbox-title\"><\/h4>\n\t\t\t\n\t\t<\/div>\n\t\t<div class=\"flat-iconbox-content\">\n\t\t\t<\/p>\n<h4><a href=\"\/servicios\/consultoria-lean\/\">Consultor\u00eda LEAN<\/a><\/h4>\n<p>En <strong>mcg<\/strong> te acompa\u00f1amos desde los primeros pasos en el camino a la incorporaci\u00f3n de la filosof\u00eda lean a su organizaci\u00f3n.\n\t\t\t\n\t\t<\/div>\n\t<\/div>[vc_empty_space height=\u00bb70px\u00bb]<div class=\"flat-iconbox iconbox-style1 left circle\">\n\t\t<div class=\"flat-iconbox-header\">\n\t\t\t<div class=\"flat-iconbox-icon\"><span class=\"ion-ios-lightbulb-outline\"><\/span><\/div>\n\t\t\t<h4 class=\"flat-iconbox-title\"><\/h4>\n\t\t\t\n\t\t<\/div>\n\t\t<div class=\"flat-iconbox-content\">\n\t\t\t<\/p>\n<h4><a href=\"\/servicios\/consultoria-organizacion-y-rr-hh\/\">Consultor\u00eda Organizaci\u00f3n y RR.HH<\/a><\/h4>\n<p>Personas motivadas y competentes son el pilar fundamental del \u00e9xito de las organizaciones.\n\t\t\t\n\t\t<\/div>\n\t<\/div>[\/vc_column_inner][vc_column_inner width=\u00bb1\/2&#8243;][vc_empty_space height=\u00bb35px\u00bb]<div class=\"flat-iconbox iconbox-style1 left circle\">\n\t\t<div class=\"flat-iconbox-header\">\n\t\t\t<div class=\"flat-iconbox-icon\"><span class=\"ion-ios-lightbulb-outline\"><\/span><\/div>\n\t\t\t<h4 class=\"flat-iconbox-title\"><\/h4>\n\t\t\t\n\t\t<\/div>\n\t\t<div class=\"flat-iconbox-content\">\n\t\t\t<\/p>\n<h4><a href=\"\/servicios\/consultoria-estrategia-y-direccion\/\">Consultor\u00eda Estrategia y Direcci\u00f3n<\/a><\/h4>\n<p>Definici\u00f3n de un plan estrat\u00e9gico y su desplieque en objetivos y planes de acci\u00f3n.\n\t\t\t\n\t\t<\/div>\n\t<\/div>[vc_empty_space height=\u00bb70px\u00bb]<div class=\"flat-iconbox iconbox-style1 left circle\">\n\t\t<div class=\"flat-iconbox-header\">\n\t\t\t<div class=\"flat-iconbox-icon\"><span class=\"ion-ios-lightbulb-outline\"><\/span><\/div>\n\t\t\t<h4 class=\"flat-iconbox-title\"><\/h4>\n\t\t\t\n\t\t<\/div>\n\t\t<div class=\"flat-iconbox-content\">\n\t\t\t<\/p>\n<h4><a href=\"\/servicios\/consultoria-gestion-global-de-proyectos\/\">Consultor\u00eda Gesti\u00f3n Global de Proyectos<\/a><\/h4>\n<p>Metodolog\u00eda <strong>mcg<\/strong> de gesti\u00f3n de proyecto, asegurar calidad y eficiencia del dise\u00f1o a la industrializaci\u00f3n.\n\t\t\t\n\t\t<\/div>\n\t<\/div>[\/vc_column_inner][\/vc_row_inner][\/vc_tta_section][vc_tta_section title=\u00bbConsultor\u00eda RSE y PRL\u00bb tab_id=\u00bb1584544515652-be6c896f-722a\u00bb][vc_row_inner][vc_column_inner width=\u00bb1\/2&#8243;]<div class=\"flat-iconbox iconbox-style1 left circle\">\n\t\t<div class=\"flat-iconbox-header\">\n\t\t\t<div class=\"flat-iconbox-icon\"><span class=\"ion-ios-lightbulb-outline\"><\/span><\/div>\n\t\t\t<h4 class=\"flat-iconbox-title\">Consultor\u00eda RSE y PRL<\/h4>\n\t\t\t\n\t\t<\/div>\n\t\t<div class=\"flat-iconbox-content\">\n\t\t\t<\/p>\n<h4><a href=\"\/servicios\/consultoria-rse-y-prl\/\">Consultor\u00eda RSE y PRL<\/a><\/h4>\n<p>La necesidad de gestionar adecuadamente la prevenci\u00f3n de riesgos es tan incuestionable como la de atender cualquier otra \u00e1rea clave para la estabilidad y la productividad en la empresa.\n\t\t\t\n\t\t<\/div>\n\t<\/div>[vc_empty_space height=\u00bb30px\u00bb][\/vc_column_inner][vc_column_inner width=\u00bb1\/2&#8243;][\/vc_column_inner][\/vc_row_inner][\/vc_tta_section][\/vc_tta_tabs][\/vc_column][\/vc_row][vc_row disable_element=\u00bbyes\u00bb parallax_speed=\u00bb4&#8243; parallax_x=\u00bb4&#8243; parallax_y=\u00bb4&#8243; css=\u00bb.vc_custom_1583162591098{padding-top: 70px !important;padding-bottom: 30px !important;}\u00bb][vc_column][vc_row_inner][vc_column_inner]<div class=\"title-section  style1\">\n\t\t<h1 class=\"title\">\n\t\t\tOur Projects\t\t\t\n\t\t<\/h1>\t\t\n\t\t\n\n\t<\/div>[vc_empty_space height=\u00bb35px\u00bb][\/vc_column_inner][\/vc_row_inner][vc_row_inner][vc_column_inner]<div class=\"flat-portfolio yes\"><div class=\"portfolio-container portfolio-gallery no-margin one-three \"><div class=\"item services trading \"><div class=\"wrap-border\"><div class=\"featured-post\"><div class=\"link\"><a class=\"popup-gallery\" href=\"https:\/\/www.montaltoconsulting.com\/wp-content\/uploads\/2017\/01\/1-2.png\"><i class=\"fa fa-arrows-alt\"><\/i><\/a><\/div><img decoding=\"async\" src=\"https:\/\/www.montaltoconsulting.com\/wp-content\/uploads\/2017\/01\/1-2-370x245.png\" alt=\"Business Solutions\"><\/div><div class=\"title-post\"><a title=\"Business Solutions\" href=\"https:\/\/www.montaltoconsulting.com\/es\/portfolios\/investment-planning-8\/\">Business Solutions<\/a><\/div><div class=\"category-post\"><a href=\"https:\/\/www.montaltoconsulting.com\/es\/portfolios_category\/services\/\" rel=\"tag\">Services<\/a> \/ <a href=\"https:\/\/www.montaltoconsulting.com\/es\/portfolios_category\/trading\/\" rel=\"tag\">Trading<\/a><\/div><\/div><\/div><div class=\"item services trading \"><div class=\"wrap-border\"><div class=\"featured-post\"><div class=\"link\"><a class=\"popup-gallery\" href=\"https:\/\/www.montaltoconsulting.com\/wp-content\/uploads\/2017\/01\/2-1.png\"><i class=\"fa fa-arrows-alt\"><\/i><\/a><\/div><img decoding=\"async\" src=\"https:\/\/www.montaltoconsulting.com\/wp-content\/uploads\/2017\/01\/2-1-370x245.png\" alt=\"Money Market\"><\/div><div class=\"title-post\"><a title=\"Money Market\" href=\"https:\/\/www.montaltoconsulting.com\/es\/portfolios\/investment-planning-7\/\">Money Market<\/a><\/div><div class=\"category-post\"><a href=\"https:\/\/www.montaltoconsulting.com\/es\/portfolios_category\/services\/\" rel=\"tag\">Services<\/a> \/ <a href=\"https:\/\/www.montaltoconsulting.com\/es\/portfolios_category\/trading\/\" rel=\"tag\">Trading<\/a><\/div><\/div><\/div><div class=\"item savings trading \"><div class=\"wrap-border\"><div class=\"featured-post\"><div class=\"link\"><a class=\"popup-gallery\" href=\"https:\/\/www.montaltoconsulting.com\/wp-content\/uploads\/2017\/01\/5-3.jpg\"><i class=\"fa fa-arrows-alt\"><\/i><\/a><\/div><img decoding=\"async\" src=\"https:\/\/www.montaltoconsulting.com\/wp-content\/uploads\/2017\/01\/5-3.jpg\" alt=\"MO Insurance\"><\/div><div class=\"title-post\"><a title=\"MO Insurance\" href=\"https:\/\/www.montaltoconsulting.com\/es\/portfolios\/investment-planning-6\/\">MO Insurance<\/a><\/div><div class=\"category-post\"><a href=\"https:\/\/www.montaltoconsulting.com\/es\/portfolios_category\/savings\/\" rel=\"tag\">Savings<\/a> \/ <a href=\"https:\/\/www.montaltoconsulting.com\/es\/portfolios_category\/trading\/\" rel=\"tag\">Trading<\/a><\/div><\/div><\/div><div class=\"item management trading \"><div class=\"wrap-border\"><div class=\"featured-post\"><div class=\"link\"><a class=\"popup-gallery\" href=\"https:\/\/www.montaltoconsulting.com\/wp-content\/uploads\/2017\/01\/4-2.jpg\"><i class=\"fa fa-arrows-alt\"><\/i><\/a><\/div><img decoding=\"async\" src=\"https:\/\/www.montaltoconsulting.com\/wp-content\/uploads\/2017\/01\/4-2.jpg\" alt=\"Financial Report\"><\/div><div class=\"title-post\"><a title=\"Financial Report\" href=\"https:\/\/www.montaltoconsulting.com\/es\/portfolios\/investment-planning-5\/\">Financial Report<\/a><\/div><div class=\"category-post\"><a href=\"https:\/\/www.montaltoconsulting.com\/es\/portfolios_category\/management\/\" rel=\"tag\">Management<\/a> \/ <a href=\"https:\/\/www.montaltoconsulting.com\/es\/portfolios_category\/trading\/\" rel=\"tag\">Trading<\/a><\/div><\/div><\/div><div class=\"item invoicing \"><div class=\"wrap-border\"><div class=\"featured-post\"><div class=\"link\"><a class=\"popup-gallery\" href=\"https:\/\/www.montaltoconsulting.com\/wp-content\/uploads\/2017\/01\/3-3.jpg\"><i class=\"fa fa-arrows-alt\"><\/i><\/a><\/div><img decoding=\"async\" src=\"https:\/\/www.montaltoconsulting.com\/wp-content\/uploads\/2017\/01\/3-3-370x244.jpg\" alt=\"Event Finder\"><\/div><div class=\"title-post\"><a title=\"Event Finder\" href=\"https:\/\/www.montaltoconsulting.com\/es\/portfolios\/investment-planning-4\/\">Event Finder<\/a><\/div><div class=\"category-post\"><a href=\"https:\/\/www.montaltoconsulting.com\/es\/portfolios_category\/invoicing\/\" rel=\"tag\">Invoicing<\/a><\/div><\/div><\/div><\/div><\/div>[\/vc_column_inner][\/vc_row_inner][\/vc_column][\/vc_row][vc_row full_width=\u00bbstretch_row\u00bb parallax_speed=\u00bb4&#8243; parallax_x=\u00bb4&#8243; parallax_y=\u00bb4&#8243; css=\u00bb.vc_custom_1583162616895{padding-top: 85px !important;padding-bottom: 40px !important;background-image: url(http:\/\/www.montaltoconsulting.com\/wp-content\/uploads\/2020\/03\/1-2.jpg?id=1778) !important;}\u00bb][vc_column width=\u00bb4\/12&#8243;][vc_column_text el_class=\u00bbtext-block-callback\u00bb]<\/p>\n<h2>CONT\u00c1CTANOS<\/h2>\n<div class=\"wpb_text_column wpb_content_element \">\u00a0Los consultores se encuentran a tu disposici\u00f3n para aclarar dudas con respecto a nuestros productos. \u00a1Haz tu primera cita sin compromisos!<\/div>\n<p>[\/vc_column_text][\/vc_column][vc_column width=\u00bb8\/12&#8243; el_class=\u00bbcall-back-form\u00bb]\n<div class=\"wpcf7 no-js\" id=\"wpcf7-f329-o1\" lang=\"en-US\" dir=\"ltr\" data-wpcf7-id=\"329\">\n<div class=\"screen-reader-response\"><p role=\"status\" aria-live=\"polite\" aria-atomic=\"true\"><\/p> <ul><\/ul><\/div>\n<form action=\"\/es\/wp-json\/wp\/v2\/pages\/1395#wpcf7-f329-o1\" method=\"post\" class=\"wpcf7-form init\" aria-label=\"Contact form\" novalidate=\"novalidate\" data-status=\"init\">\n<fieldset class=\"hidden-fields-container\"><input type=\"hidden\" name=\"_wpcf7\" value=\"329\" \/><input type=\"hidden\" name=\"_wpcf7_version\" value=\"6.1.5\" \/><input type=\"hidden\" name=\"_wpcf7_locale\" value=\"en_US\" \/><input type=\"hidden\" name=\"_wpcf7_unit_tag\" value=\"wpcf7-f329-o1\" \/><input type=\"hidden\" name=\"_wpcf7_container_post\" value=\"0\" \/><input type=\"hidden\" name=\"_wpcf7_posted_data_hash\" value=\"\" \/><input type=\"hidden\" name=\"lang\" value=\"es\" \/>\n<\/fieldset>\n<div class=\"flat-wrap-field clearfix\">\n\t<div class=\"flat-one-half flat-email\">\n\t\t<p><span class=\"wpcf7-form-control-wrap\" data-name=\"your-email\"><input size=\"40\" maxlength=\"400\" class=\"wpcf7-form-control wpcf7-email wpcf7-validates-as-required wpcf7-text wpcf7-validates-as-email\" aria-required=\"true\" aria-invalid=\"false\" placeholder=\"Su Nombre\" value=\"\" type=\"email\" name=\"your-email\" \/><\/span>\n\t\t<\/p>\n\t<\/div>\n\t<div class=\"flat-one-half flat-email\">\n\t\t<p><span class=\"wpcf7-form-control-wrap\" data-name=\"your-email\"><input size=\"40\" maxlength=\"400\" class=\"wpcf7-form-control wpcf7-email wpcf7-validates-as-required wpcf7-text wpcf7-validates-as-email\" aria-required=\"true\" aria-invalid=\"false\" placeholder=\"Su Correo Eletr\u00f3nico\" value=\"\" type=\"email\" name=\"your-email\" \/><\/span>\n\t\t<\/p>\n\t<\/div>\n<\/div>\n<div class=\"flat-wrap-field clearfix\">\n\t<div class=\"flat-one-half\">\n\t\t<p><span class=\"wpcf7-form-control-wrap\" data-name=\"You\"><input size=\"40\" maxlength=\"400\" class=\"wpcf7-form-control wpcf7-text\" aria-invalid=\"false\" placeholder=\"Su Tel\u00e9fono\" value=\"\" type=\"text\" name=\"You\" \/><\/span>\n\t\t<\/p>\n\t<\/div>\n\t<div class=\"flat-one-half\">\n\t\t<p><button type=\"submit\" class=\"flat-button-form\">Solicitar<\/button>\n\t\t<\/p>\n\t<\/div>\n<\/div><div class=\"wpcf7-response-output\" aria-hidden=\"true\"><\/div>\n<\/form>\n<\/div>\n[\/vc_column][\/vc_row][vc_row full_width=\u00bbstretch_row\u00bb css_animation=\u00bbfadeIn\u00bb parallax_speed=\u00bb4&#8243; parallax_x=\u00bb4&#8243; parallax_y=\u00bb4&#8243; css=\u00bb.vc_custom_1583162685852{padding-top: 70px !important;padding-bottom: 50px !important;}\u00bb][vc_column][vc_row_inner][vc_column_inner]<div class=\"title-section  style1\">\n\t\t<h1 class=\"title\">\n\t\t\tBlog\t\t\t\n\t\t<\/h1>\t\t\n\t\t\n\n\t<\/div>[vc_empty_space height=\u00bb35px\u00bb][\/vc_column_inner][\/vc_row_inner][vc_row_inner][vc_column_inner width=\u00bb2\/3&#8243;]\n\t\t\t<div class=\"blog-shortcode  blog-grid blog-two-columns\">\n\n\t\t\t\n\t\t\t\t        \t<article class=\"entry\">\n\t        \t\t<div class=\"entry-border\">\n\t\t\t\t\t\t<div class=\"featured-post\">\n\t\t\t\t\t\t\t<a href=\"https:\/\/www.montaltoconsulting.com\/es\/hazlo-simple-make-it-simple\/\">\t\t\t\t\t\t\t\n\t\t\t\t\t\t\t\t<img loading=\"lazy\" decoding=\"async\" width=\"370\" height=\"247\" src=\"https:\/\/www.montaltoconsulting.com\/wp-content\/uploads\/2020\/04\/blog2-370x247.jpg\" class=\"attachment-themesflat-blog-shortcode size-themesflat-blog-shortcode wp-post-image\" alt=\"\" \/>\t\t\t\t\t\t\t<\/a>\n\t\t\t\t\t\t<\/div>\n\t\t\t\t\t\t<div class=\"content-post\">\n\t\t\t\t\t\t\t<h2><a href=\"https:\/\/www.montaltoconsulting.com\/es\/hazlo-simple-make-it-simple\/\">Hazlo simple (make it simple)<\/a><\/h2>\n\n\t\t\t\t\t\t\t<div class=\"entry-meta clearfix\">\n\t\t\t\t\t\t\t\t<span class=\"entry-date\">01<\/span>\n\t\t\t\t\t\t\t\t<span class=\"entry-month\">Abr<\/span>\n\t\t\t\t\t\t\t<\/div><!-- .meta-post -->\n\t\t\t\t\t\t\t\n\t\t\t\t\t\t\t\t\t\t\t\t\t<\/div>\n\t\t\t\t\t<\/div>\n\t\t\t\t<\/article><!-- \/.entry -->\n\n\t\t\t\t        \t<article class=\"entry\">\n\t        \t\t<div class=\"entry-border\">\n\t\t\t\t\t\t<div class=\"featured-post\">\n\t\t\t\t\t\t\t<a href=\"https:\/\/www.montaltoconsulting.com\/es\/la-organizacion-en-unidades-autonomas-de-produccion-uap\/\">\t\t\t\t\t\t\t\n\t\t\t\t\t\t\t\t<img loading=\"lazy\" decoding=\"async\" width=\"370\" height=\"247\" src=\"https:\/\/www.montaltoconsulting.com\/wp-content\/uploads\/2020\/05\/blog6-370x247.jpg\" class=\"attachment-themesflat-blog-shortcode size-themesflat-blog-shortcode wp-post-image\" alt=\"\" \/>\t\t\t\t\t\t\t<\/a>\n\t\t\t\t\t\t<\/div>\n\t\t\t\t\t\t<div class=\"content-post\">\n\t\t\t\t\t\t\t<h2><a href=\"https:\/\/www.montaltoconsulting.com\/es\/la-organizacion-en-unidades-autonomas-de-produccion-uap\/\">La organizaci\u00f3n en Unidades Aut\u00f3nomas de Producci\u00f3n (UAP)<\/a><\/h2>\n\n\t\t\t\t\t\t\t<div class=\"entry-meta clearfix\">\n\t\t\t\t\t\t\t\t<span class=\"entry-date\">15<\/span>\n\t\t\t\t\t\t\t\t<span class=\"entry-month\">Mar<\/span>\n\t\t\t\t\t\t\t<\/div><!-- .meta-post -->\n\t\t\t\t\t\t\t\n\t\t\t\t\t\t\t\t\t\t\t\t\t<\/div>\n\t\t\t\t\t<\/div>\n\t\t\t\t<\/article><!-- \/.entry -->\n\n\t\t\t<\/div>[\/vc_column_inner][vc_column_inner width=\u00bb1\/3&#8243;][vc_widget_sidebar sidebar_id=\u00bbsidebar-home\u00bb][\/vc_column_inner][\/vc_row_inner][\/vc_column][\/vc_row][vc_row full_width=\u00bbstretch_row\u00bb disable_element=\u00bbyes\u00bb parallax_speed=\u00bb4&#8243; parallax_x=\u00bb4&#8243; parallax_y=\u00bb4&#8243; css=\u00bb.vc_custom_1583157871492{padding-top: 60px !important;padding-bottom: 70px !important;background-color: #f7f7f7 !important;}\u00bb][vc_column][vc_row_inner css=\u00bb.vc_custom_1485162212721{background-color: #f7f7f7 !important;}\u00bb][vc_column_inner]\n\t\t<div class=\"wrap-client-slide\">\n\t\t\t<div class=\"client-slide \" data-margin=\"30\" data-slides_per_view=\"5\" data-autoplay=\"\" data-hide_control=\"yes\" data-hide_buttons=\"\">\t\t\t\n\t\t\t\t\n\t\t<div class=\"client-image\">\n\t\t\t<img decoding=\"async\" src=\"https:\/\/www.montaltoconsulting.com\/wp-content\/uploads\/2017\/01\/1.png\" alt=\"images\" \/>\n\t\t<\/div>\n\t\t<div class=\"client-image\">\n\t\t\t<img decoding=\"async\" src=\"https:\/\/www.montaltoconsulting.com\/wp-content\/uploads\/2017\/01\/2.png\" alt=\"images\" \/>\n\t\t<\/div>\n\t\t<div class=\"client-image\">\n\t\t\t<img decoding=\"async\" src=\"https:\/\/www.montaltoconsulting.com\/wp-content\/uploads\/2017\/01\/3.png\" alt=\"images\" \/>\n\t\t<\/div>\n\t\t<div class=\"client-image\">\n\t\t\t<img decoding=\"async\" src=\"https:\/\/www.montaltoconsulting.com\/wp-content\/uploads\/2017\/01\/4.png\" alt=\"images\" \/>\n\t\t<\/div>\n\t\t<div class=\"client-image\">\n\t\t\t<img decoding=\"async\" src=\"https:\/\/www.montaltoconsulting.com\/wp-content\/uploads\/2017\/01\/5.png\" alt=\"images\" \/>\n\t\t<\/div>\t\t\t\t\n\t\t\t<\/div>\n\t\t<\/div>\n\t[\/vc_column_inner][\/vc_row_inner][\/vc_column][\/vc_row]<\/p>\n<\/div>","protected":false},"excerpt":{"rendered":"<p> [&hellip;]<\/p>\n","protected":false},"author":1,"featured_media":0,"parent":0,"menu_order":0,"comment_status":"closed","ping_status":"closed","template":"tpl\/front-page.php","meta":{"footnotes":""},"class_list":["post-1395","page","type-page","status-publish","hentry"],"yoast_head":"<!-- This site is optimized with the Yoast SEO plugin v27.2 - https:\/\/yoast.com\/product\/yoast-seo-wordpress\/ -->\n<title>Inicio<\/title>\n<meta name=\"robots\" content=\"index, follow, max-snippet:-1, max-image-preview:large, max-video-preview:-1\" \/>\n<link rel=\"canonical\" href=\"https:\/\/www.montaltoconsulting.com\/es\/\" \/>\n<meta property=\"og:locale\" content=\"es_ES\" \/>\n<meta property=\"og:locale:alternate\" content=\"en_US\" \/>\n<meta property=\"og:type\" content=\"article\" \/>\n<meta property=\"og:title\" content=\"Inicio\" \/>\n<meta property=\"og:description\" content=\"[&hellip;]\" \/>\n<meta property=\"og:url\" content=\"https:\/\/www.montaltoconsulting.com\/es\/la-organizacion-en-unidades-autonomas-de-produccion-uap\/\" \/>\n<meta property=\"og:site_name\" content=\"Montalto Consulting\" \/>\n<meta property=\"article:modified_time\" content=\"2020-09-23T16:34:44+00:00\" \/>\n<meta name=\"twitter:card\" content=\"summary_large_image\" \/>\n<meta name=\"twitter:label1\" content=\"Tiempo de lectura\" \/>\n\t<meta name=\"twitter:data1\" content=\"9 minutos\" \/>\n<script type=\"application\/ld+json\" class=\"yoast-schema-graph\">{\"@context\":\"https:\/\/schema.org\",\"@graph\":[{\"@type\":\"WebPage\",\"@id\":\"https:\/\/www.montaltoconsulting.com\/es\/\",\"url\":\"https:\/\/www.montaltoconsulting.com\/es\/\",\"name\":\"Inicio\",\"isPartOf\":{\"@id\":\"https:\/\/www.montaltoconsulting.com\/es\/#website\"},\"datePublished\":\"2017-03-11T09:01:19+00:00\",\"dateModified\":\"2020-09-23T16:34:44+00:00\",\"breadcrumb\":{\"@id\":\"https:\/\/www.montaltoconsulting.com\/es\/#breadcrumb\"},\"inLanguage\":\"es-ES\",\"potentialAction\":[{\"@type\":\"ReadAction\",\"target\":[\"https:\/\/www.montaltoconsulting.com\/es\/\"]}]},{\"@type\":\"BreadcrumbList\",\"@id\":\"https:\/\/www.montaltoconsulting.com\/es\/#breadcrumb\",\"itemListElement\":[{\"@type\":\"ListItem\",\"position\":1,\"name\":\"Portada\",\"item\":\"https:\/\/www.montaltoconsulting.com\/es\/\"},{\"@type\":\"ListItem\",\"position\":2,\"name\":\"Inicio\"}]},{\"@type\":\"WebSite\",\"@id\":\"https:\/\/www.montaltoconsulting.com\/es\/#website\",\"url\":\"https:\/\/www.montaltoconsulting.com\/es\/\",\"name\":\"Montalto Consulting\",\"description\":\"Montalto Consulting Group\",\"potentialAction\":[{\"@type\":\"SearchAction\",\"target\":{\"@type\":\"EntryPoint\",\"urlTemplate\":\"https:\/\/www.montaltoconsulting.com\/es\/?s={search_term_string}\"},\"query-input\":{\"@type\":\"PropertyValueSpecification\",\"valueRequired\":true,\"valueName\":\"search_term_string\"}}],\"inLanguage\":\"es-ES\"}]}<\/script>\n<!-- \/ Yoast SEO plugin. -->","yoast_head_json":{"title":"Inicio","robots":{"index":"index","follow":"follow","max-snippet":"max-snippet:-1","max-image-preview":"max-image-preview:large","max-video-preview":"max-video-preview:-1"},"canonical":"https:\/\/www.montaltoconsulting.com\/es\/","og_locale":"es_ES","og_type":"article","og_title":"[:en]Inicio[:es]Inicio[:] - Montalto Consulting","og_description":"[&hellip;]","og_url":"https:\/\/www.montaltoconsulting.com\/es\/la-organizacion-en-unidades-autonomas-de-produccion-uap\/","og_site_name":"Montalto Consulting","article_modified_time":"2020-09-23T16:34:44+00:00","twitter_card":"summary_large_image","twitter_misc":{"Tiempo de lectura":"9 minutos"},"schema":{"@context":"https:\/\/schema.org","@graph":[{"@type":"WebPage","@id":"https:\/\/www.montaltoconsulting.com\/es\/","url":"https:\/\/www.montaltoconsulting.com\/es\/","name":"Inicio","isPartOf":{"@id":"https:\/\/www.montaltoconsulting.com\/es\/#website"},"datePublished":"2017-03-11T09:01:19+00:00","dateModified":"2020-09-23T16:34:44+00:00","breadcrumb":{"@id":"https:\/\/www.montaltoconsulting.com\/es\/#breadcrumb"},"inLanguage":"es-ES","potentialAction":[{"@type":"ReadAction","target":["https:\/\/www.montaltoconsulting.com\/es\/"]}]},{"@type":"BreadcrumbList","@id":"https:\/\/www.montaltoconsulting.com\/es\/#breadcrumb","itemListElement":[{"@type":"ListItem","position":1,"name":"Portada","item":"https:\/\/www.montaltoconsulting.com\/es\/"},{"@type":"ListItem","position":2,"name":"Inicio"}]},{"@type":"WebSite","@id":"https:\/\/www.montaltoconsulting.com\/es\/#website","url":"https:\/\/www.montaltoconsulting.com\/es\/","name":"Montalto Consulting","description":"Montalto Consulting Group","potentialAction":[{"@type":"SearchAction","target":{"@type":"EntryPoint","urlTemplate":"https:\/\/www.montaltoconsulting.com\/es\/?s={search_term_string}"},"query-input":{"@type":"PropertyValueSpecification","valueRequired":true,"valueName":"search_term_string"}}],"inLanguage":"es-ES"}]}},"_links":{"self":[{"href":"https:\/\/www.montaltoconsulting.com\/es\/wp-json\/wp\/v2\/pages\/1395","targetHints":{"allow":["GET"]}}],"collection":[{"href":"https:\/\/www.montaltoconsulting.com\/es\/wp-json\/wp\/v2\/pages"}],"about":[{"href":"https:\/\/www.montaltoconsulting.com\/es\/wp-json\/wp\/v2\/types\/page"}],"author":[{"embeddable":true,"href":"https:\/\/www.montaltoconsulting.com\/es\/wp-json\/wp\/v2\/users\/1"}],"replies":[{"embeddable":true,"href":"https:\/\/www.montaltoconsulting.com\/es\/wp-json\/wp\/v2\/comments?post=1395"}],"version-history":[{"count":59,"href":"https:\/\/www.montaltoconsulting.com\/es\/wp-json\/wp\/v2\/pages\/1395\/revisions"}],"predecessor-version":[{"id":2555,"href":"https:\/\/www.montaltoconsulting.com\/es\/wp-json\/wp\/v2\/pages\/1395\/revisions\/2555"}],"wp:attachment":[{"href":"https:\/\/www.montaltoconsulting.com\/es\/wp-json\/wp\/v2\/media?parent=1395"}],"curies":[{"name":"wp","href":"https:\/\/api.w.org\/{rel}","templated":true}]}}