{"id":1698,"date":"2020-02-29T21:16:59","date_gmt":"2020-02-29T21:16:59","guid":{"rendered":"http:\/\/www.montaltoconsulting.com\/?page_id=1698"},"modified":"2020-09-23T05:45:20","modified_gmt":"2020-09-23T05:45:20","slug":"consultoria-organizacion-y-rr-hh","status":"publish","type":"page","link":"https:\/\/www.montaltoconsulting.com\/es\/servicios\/consultoria-organizacion-y-rr-hh\/","title":{"rendered":"Consultor\u00eda Organizaci\u00f3n y RR.HH."},"content":{"rendered":"<div class=\"wpb-content-wrapper\"><p>[vc_row][vc_column][vc_column_text]Personas motivadas y competentes son pilar fundamental del \u00e9xito de las organizaciones[\/vc_column_text][vc_empty_space][\/vc_column][\/vc_row][vc_row][vc_column width=\u00bb1\/2&#8243;][vc_custom_heading text=\u00bbNuestra Oferta\u00bb font_container=\u00bbtag:h2|text_align:left|color:%23fd2c4c\u00bb use_theme_fonts=\u00bbyes\u00bb][vc_column_text]<strong>1. Elaboraci\u00f3n del referencial de competencias<\/strong><\/p>\n<p style=\"text-align: justify;\">Cada empresa es \u00fanica y por lo tanto ha de tener su propio referencial de competencias. Este referencial integra la identificaci\u00f3n y definici\u00f3n de todas las competencias de la empresa, as\u00ed como las escalas de valoraci\u00f3n asociadas que permitir\u00e1n posicionar a los colaboradores. En este referencial se incluyen el mapa de competencias y las fichas de exigencias de cada puesto de trabajo [FEC].<\/p>\n<p>[\/vc_column_text][\/vc_column][vc_column width=\u00bb1\/2&#8243;][vc_empty_space height=\u00bb50px\u00bb][vc_gallery type=\u00bbflexslider_slide\u00bb interval=\u00bb3&#8243; images=\u00bb2340,2414,2415&#8243; img_size=\u00bbfull\u00bb onclick=\u00bb\u00bb][\/vc_column][\/vc_row][vc_row css=\u00bb.vc_custom_1588790705654{margin-top: -40px !important;}\u00bb][vc_column][vc_column_text]<\/p>\n<p style=\"text-align: justify;\">Todo ello quedar\u00e1 estructurado en un sistema \u00fanico, integrado con las metodolog\u00edas y sistemas de gesti\u00f3n propios de la organizaci\u00f3n, que l\u00f3gicamente habr\u00e1 que ir evolucionando en el tiempo, dentro de una din\u00e1mica de mejora continua y en l\u00ednea con la evoluci\u00f3n de la organizaci\u00f3n.<\/p>\n<p>[\/vc_column_text][vc_empty_space height=\u00bb24px\u00bb][vc_column_text]<strong>2. Evaluaci\u00f3n de competencias para procesos de selecci\u00f3n y capacitaci\u00f3n. Din\u00e1mica propia de mcg para evaluar las competencias de cada colaborador que se traduce:<\/strong><\/p>\n<ul class=\"flat-list\">\n<li>Fichas de valoraci\u00f3n de competencias de cada colaborador [FVC].<\/li>\n<li>Plan de Formaci\u00f3n y de desarrollo de competencias individual.<\/li>\n<li>Procesos de selecci\u00f3n en interno y externo a la organizaci\u00f3n.<\/li>\n<\/ul>\n<p>[\/vc_column_text][\/vc_column][\/vc_row]<\/p>\n<\/div>","protected":false},"excerpt":{"rendered":"<p> [&hellip;]<\/p>\n","protected":false},"author":1,"featured_media":0,"parent":1373,"menu_order":0,"comment_status":"closed","ping_status":"closed","template":"tpl\/page_single.php","meta":{"footnotes":""},"class_list":["post-1698","page","type-page","status-publish","hentry"],"yoast_head":"<!-- This site is optimized with the Yoast SEO plugin v27.2 - https:\/\/yoast.com\/product\/yoast-seo-wordpress\/ -->\n<title>Consultor\u00eda Organizaci\u00f3n y RR.HH.<\/title>\n<meta name=\"robots\" content=\"index, follow, max-snippet:-1, max-image-preview:large, max-video-preview:-1\" \/>\n<link rel=\"canonical\" href=\"https:\/\/www.montaltoconsulting.com\/es\/servicios\/consultoria-organizacion-y-rr-hh\/\" \/>\n<meta property=\"og:locale\" content=\"es_ES\" \/>\n<meta property=\"og:locale:alternate\" content=\"en_US\" \/>\n<meta property=\"og:type\" content=\"article\" \/>\n<meta property=\"og:title\" content=\"Consultor\u00eda Organizaci\u00f3n y RR.HH.\" \/>\n<meta property=\"og:description\" content=\"[&hellip;]\" \/>\n<meta property=\"og:url\" content=\"https:\/\/www.montaltoconsulting.com\/es\/servicios\/consultoria-organizacion-y-rr-hh\/\" \/>\n<meta property=\"og:site_name\" content=\"Montalto Consulting\" \/>\n<meta property=\"article:modified_time\" content=\"2020-09-23T05:45:20+00:00\" \/>\n<meta name=\"twitter:card\" content=\"summary_large_image\" \/>\n<meta name=\"twitter:label1\" content=\"Tiempo de lectura\" \/>\n\t<meta name=\"twitter:data1\" content=\"3 minutos\" \/>\n<script type=\"application\/ld+json\" class=\"yoast-schema-graph\">{\"@context\":\"https:\/\/schema.org\",\"@graph\":[{\"@type\":\"WebPage\",\"@id\":\"https:\/\/www.montaltoconsulting.com\/es\/servicios\/consultoria-organizacion-y-rr-hh\/\",\"url\":\"https:\/\/www.montaltoconsulting.com\/es\/servicios\/consultoria-organizacion-y-rr-hh\/\",\"name\":\"Consultor\u00eda Organizaci\u00f3n y RR.HH.\",\"isPartOf\":{\"@id\":\"https:\/\/www.montaltoconsulting.com\/es\/#website\"},\"datePublished\":\"2020-02-29T21:16:59+00:00\",\"dateModified\":\"2020-09-23T05:45:20+00:00\",\"breadcrumb\":{\"@id\":\"https:\/\/www.montaltoconsulting.com\/es\/servicios\/consultoria-organizacion-y-rr-hh\/#breadcrumb\"},\"inLanguage\":\"es-ES\",\"potentialAction\":[{\"@type\":\"ReadAction\",\"target\":[\"https:\/\/www.montaltoconsulting.com\/es\/servicios\/consultoria-organizacion-y-rr-hh\/\"]}]},{\"@type\":\"BreadcrumbList\",\"@id\":\"https:\/\/www.montaltoconsulting.com\/es\/servicios\/consultoria-organizacion-y-rr-hh\/#breadcrumb\",\"itemListElement\":[{\"@type\":\"ListItem\",\"position\":1,\"name\":\"Portada\",\"item\":\"https:\/\/www.montaltoconsulting.com\/es\/\"},{\"@type\":\"ListItem\",\"position\":2,\"name\":\"Servicios\",\"item\":\"https:\/\/www.montaltoconsulting.com\/es\/servicios\/\"},{\"@type\":\"ListItem\",\"position\":3,\"name\":\"Consultor\u00eda Organizaci\u00f3n y RR.HH.\"}]},{\"@type\":\"WebSite\",\"@id\":\"https:\/\/www.montaltoconsulting.com\/es\/#website\",\"url\":\"https:\/\/www.montaltoconsulting.com\/es\/\",\"name\":\"Montalto Consulting\",\"description\":\"Montalto Consulting Group\",\"potentialAction\":[{\"@type\":\"SearchAction\",\"target\":{\"@type\":\"EntryPoint\",\"urlTemplate\":\"https:\/\/www.montaltoconsulting.com\/es\/?s={search_term_string}\"},\"query-input\":{\"@type\":\"PropertyValueSpecification\",\"valueRequired\":true,\"valueName\":\"search_term_string\"}}],\"inLanguage\":\"es-ES\"}]}<\/script>\n<!-- \/ Yoast SEO plugin. -->","yoast_head_json":{"title":"Consultor\u00eda Organizaci\u00f3n y RR.HH.","robots":{"index":"index","follow":"follow","max-snippet":"max-snippet:-1","max-image-preview":"max-image-preview:large","max-video-preview":"max-video-preview:-1"},"canonical":"https:\/\/www.montaltoconsulting.com\/es\/servicios\/consultoria-organizacion-y-rr-hh\/","og_locale":"es_ES","og_type":"article","og_title":"[:en]Development of the Organization and Human Capital[:es]Consultor\u00eda Organizaci\u00f3n y RR.HH.[:] - Montalto Consulting","og_description":"[&hellip;]","og_url":"https:\/\/www.montaltoconsulting.com\/es\/servicios\/consultoria-organizacion-y-rr-hh\/","og_site_name":"Montalto Consulting","article_modified_time":"2020-09-23T05:45:20+00:00","twitter_card":"summary_large_image","twitter_misc":{"Tiempo de lectura":"3 minutos"},"schema":{"@context":"https:\/\/schema.org","@graph":[{"@type":"WebPage","@id":"https:\/\/www.montaltoconsulting.com\/es\/servicios\/consultoria-organizacion-y-rr-hh\/","url":"https:\/\/www.montaltoconsulting.com\/es\/servicios\/consultoria-organizacion-y-rr-hh\/","name":"Consultor\u00eda Organizaci\u00f3n y RR.HH.","isPartOf":{"@id":"https:\/\/www.montaltoconsulting.com\/es\/#website"},"datePublished":"2020-02-29T21:16:59+00:00","dateModified":"2020-09-23T05:45:20+00:00","breadcrumb":{"@id":"https:\/\/www.montaltoconsulting.com\/es\/servicios\/consultoria-organizacion-y-rr-hh\/#breadcrumb"},"inLanguage":"es-ES","potentialAction":[{"@type":"ReadAction","target":["https:\/\/www.montaltoconsulting.com\/es\/servicios\/consultoria-organizacion-y-rr-hh\/"]}]},{"@type":"BreadcrumbList","@id":"https:\/\/www.montaltoconsulting.com\/es\/servicios\/consultoria-organizacion-y-rr-hh\/#breadcrumb","itemListElement":[{"@type":"ListItem","position":1,"name":"Portada","item":"https:\/\/www.montaltoconsulting.com\/es\/"},{"@type":"ListItem","position":2,"name":"Servicios","item":"https:\/\/www.montaltoconsulting.com\/es\/servicios\/"},{"@type":"ListItem","position":3,"name":"Consultor\u00eda Organizaci\u00f3n y RR.HH."}]},{"@type":"WebSite","@id":"https:\/\/www.montaltoconsulting.com\/es\/#website","url":"https:\/\/www.montaltoconsulting.com\/es\/","name":"Montalto Consulting","description":"Montalto Consulting Group","potentialAction":[{"@type":"SearchAction","target":{"@type":"EntryPoint","urlTemplate":"https:\/\/www.montaltoconsulting.com\/es\/?s={search_term_string}"},"query-input":{"@type":"PropertyValueSpecification","valueRequired":true,"valueName":"search_term_string"}}],"inLanguage":"es-ES"}]}},"_links":{"self":[{"href":"https:\/\/www.montaltoconsulting.com\/es\/wp-json\/wp\/v2\/pages\/1698","targetHints":{"allow":["GET"]}}],"collection":[{"href":"https:\/\/www.montaltoconsulting.com\/es\/wp-json\/wp\/v2\/pages"}],"about":[{"href":"https:\/\/www.montaltoconsulting.com\/es\/wp-json\/wp\/v2\/types\/page"}],"author":[{"embeddable":true,"href":"https:\/\/www.montaltoconsulting.com\/es\/wp-json\/wp\/v2\/users\/1"}],"replies":[{"embeddable":true,"href":"https:\/\/www.montaltoconsulting.com\/es\/wp-json\/wp\/v2\/comments?post=1698"}],"version-history":[{"count":22,"href":"https:\/\/www.montaltoconsulting.com\/es\/wp-json\/wp\/v2\/pages\/1698\/revisions"}],"predecessor-version":[{"id":2520,"href":"https:\/\/www.montaltoconsulting.com\/es\/wp-json\/wp\/v2\/pages\/1698\/revisions\/2520"}],"up":[{"embeddable":true,"href":"https:\/\/www.montaltoconsulting.com\/es\/wp-json\/wp\/v2\/pages\/1373"}],"wp:attachment":[{"href":"https:\/\/www.montaltoconsulting.com\/es\/wp-json\/wp\/v2\/media?parent=1698"}],"curies":[{"name":"wp","href":"https:\/\/api.w.org\/{rel}","templated":true}]}}