{"id":1700,"date":"2020-02-29T21:17:43","date_gmt":"2020-02-29T21:17:43","guid":{"rendered":"http:\/\/www.montaltoconsulting.com\/?page_id=1700"},"modified":"2020-09-23T05:53:14","modified_gmt":"2020-09-23T05:53:14","slug":"consultoria-estrategia-y-direccion","status":"publish","type":"page","link":"https:\/\/www.montaltoconsulting.com\/es\/servicios\/consultoria-estrategia-y-direccion\/","title":{"rendered":"Consultor\u00eda Estrategia y Direcci\u00f3n"},"content":{"rendered":"<div class=\"wpb-content-wrapper\"><p>[vc_row][vc_column width=\u00bb1\/2&#8243;][vc_custom_heading text=\u00bbNuestra Oferta\u00bb font_container=\u00bbtag:h2|text_align:left|color:%23fd2c4c\u00bb use_theme_fonts=\u00bbyes\u00bb][vc_column_text]<\/p>\n<p style=\"text-align: justify;\">Definici\u00f3n de un plan estrat\u00e9gico y su despliegue en objetivos y planes de acci\u00f3n.<\/p>\n<p style=\"text-align: justify;\">Un Plan estrat\u00e9gico no es una declaraci\u00f3n de intenciones, es una suma de objetivos y acciones completamente definidos, que corresponden a todos los niveles, personas y \u00e1reas de la organizaci\u00f3n.<\/p>\n<p style=\"text-align: justify;\">La experiencia nos dice que la mayor\u00eda de Planes estrat\u00e9gicos no son conocidos por los empleados de la Compa\u00f1\u00eda y como consecuencia nunca podr\u00e1n ser asumidos por ellos. Es m\u00e1s, a veces no son comprendidos ni siquiera por los propios directivos.<\/p>\n<p>[\/vc_column_text][vc_empty_space height=\u00bb24px\u00bb][\/vc_column][vc_column width=\u00bb1\/2&#8243;][vc_empty_space height=\u00bb50px\u00bb][vc_gallery type=\u00bbflexslider_slide\u00bb interval=\u00bb3&#8243; images=\u00bb2336,1857,1858,1859&#8243; img_size=\u00bbfull\u00bb onclick=\u00bb\u00bb][\/vc_column][\/vc_row][vc_row][vc_column][vc_column_text]<\/p>\n<p style=\"text-align: justify;\">La metodolog\u00eda empleada para la elecci\u00f3n y definici\u00f3n de la estrategia, as\u00ed como para el despliegue a los diferente niveles de la compa\u00f1\u00eda es utilizada en las empresas que cuentan con una filosof\u00eda LEAN m\u00e1s avanzada, al que debe de ser acompa\u00f1ado una gesti\u00f3n del cambio ante la nueva estrategia.<\/p>\n<p><strong>En mcg la metolodog\u00eda de base es el DOPA (Despliegue de Objetivos y Planes de Acci\u00f3n)<\/strong><\/p>\n<h4 class=\"box-title\">Definici\u00f3n:<\/h4>\n<p style=\"text-align: justify;\">Se definen los resultados esperados a trav\u00e9s de objetivos cuantificables a trav\u00e9s de KPI\u2019s (Key Performance Indicators) y se definen los medios que permitir\u00e1n obtener los Objetivos a trav\u00e9s sesiones de trabajo con el Equipo Directivo.<\/p>\n<h4 class=\"box-title\">Despliegue:<\/h4>\n<p style=\"text-align: justify;\">Se trata de un proceso estructurado en los sentidos vertical (descendente\/ascendente) y transversal de la organizaci\u00f3n de objetivos y planes de acci\u00f3n hasta llegar a objetivos individuales.<\/p>\n<p style=\"text-align: justify;\">En cada nivel, a partir de las informaciones del nivel superior (orientaciones, objetivos, acciones, etc), se definen los Objetivos a alcanzar y las Acciones para poder conseguirlos, dentro de una coherencia y robustez.<\/p>\n<h4 class=\"box-title\">Seguimiento y Revisi\u00f3n:<\/h4>\n<p style=\"text-align: justify;\">Se verifica peri\u00f3dicamente que los resultados obtenidos son conformes a los objetivos fijados, para aplicar las medidas correctivas r\u00e1pidamente cuando se constatan desv\u00edos y asegurarse que los planes de acci\u00f3n contribuyen efectiva y eficazmente a los objetivos.<\/p>\n<p>[\/vc_column_text][\/vc_column][\/vc_row]<\/p>\n<\/div>","protected":false},"excerpt":{"rendered":"<p> [&hellip;]<\/p>\n","protected":false},"author":1,"featured_media":0,"parent":1373,"menu_order":0,"comment_status":"closed","ping_status":"closed","template":"tpl\/page_single.php","meta":{"footnotes":""},"class_list":["post-1700","page","type-page","status-publish","hentry"],"yoast_head":"<!-- This site is optimized with the Yoast SEO plugin v27.2 - https:\/\/yoast.com\/product\/yoast-seo-wordpress\/ -->\n<title>Consultor\u00eda Estrategia y Direcci\u00f3n<\/title>\n<meta name=\"robots\" content=\"index, follow, max-snippet:-1, max-image-preview:large, max-video-preview:-1\" \/>\n<link rel=\"canonical\" href=\"https:\/\/www.montaltoconsulting.com\/es\/servicios\/consultoria-estrategia-y-direccion\/\" \/>\n<meta property=\"og:locale\" content=\"es_ES\" \/>\n<meta property=\"og:locale:alternate\" content=\"en_US\" \/>\n<meta property=\"og:type\" content=\"article\" \/>\n<meta property=\"og:title\" content=\"Consultor\u00eda Estrategia y Direcci\u00f3n\" \/>\n<meta property=\"og:description\" content=\"[&hellip;]\" \/>\n<meta property=\"og:url\" content=\"https:\/\/www.montaltoconsulting.com\/es\/servicios\/consultoria-estrategia-y-direccion\/\" \/>\n<meta property=\"og:site_name\" content=\"Montalto Consulting\" \/>\n<meta property=\"article:modified_time\" content=\"2020-09-23T05:53:14+00:00\" \/>\n<meta name=\"twitter:card\" content=\"summary_large_image\" \/>\n<meta name=\"twitter:label1\" content=\"Tiempo de lectura\" \/>\n\t<meta name=\"twitter:data1\" content=\"4 minutos\" \/>\n<script type=\"application\/ld+json\" class=\"yoast-schema-graph\">{\"@context\":\"https:\/\/schema.org\",\"@graph\":[{\"@type\":\"WebPage\",\"@id\":\"https:\/\/www.montaltoconsulting.com\/es\/servicios\/consultoria-estrategia-y-direccion\/\",\"url\":\"https:\/\/www.montaltoconsulting.com\/es\/servicios\/consultoria-estrategia-y-direccion\/\",\"name\":\"Consultor\u00eda Estrategia y Direcci\u00f3n\",\"isPartOf\":{\"@id\":\"https:\/\/www.montaltoconsulting.com\/es\/#website\"},\"datePublished\":\"2020-02-29T21:17:43+00:00\",\"dateModified\":\"2020-09-23T05:53:14+00:00\",\"breadcrumb\":{\"@id\":\"https:\/\/www.montaltoconsulting.com\/es\/servicios\/consultoria-estrategia-y-direccion\/#breadcrumb\"},\"inLanguage\":\"es-ES\",\"potentialAction\":[{\"@type\":\"ReadAction\",\"target\":[\"https:\/\/www.montaltoconsulting.com\/es\/servicios\/consultoria-estrategia-y-direccion\/\"]}]},{\"@type\":\"BreadcrumbList\",\"@id\":\"https:\/\/www.montaltoconsulting.com\/es\/servicios\/consultoria-estrategia-y-direccion\/#breadcrumb\",\"itemListElement\":[{\"@type\":\"ListItem\",\"position\":1,\"name\":\"Portada\",\"item\":\"https:\/\/www.montaltoconsulting.com\/es\/\"},{\"@type\":\"ListItem\",\"position\":2,\"name\":\"Servicios\",\"item\":\"https:\/\/www.montaltoconsulting.com\/es\/servicios\/\"},{\"@type\":\"ListItem\",\"position\":3,\"name\":\"Consultor\u00eda Estrategia y Direcci\u00f3n\"}]},{\"@type\":\"WebSite\",\"@id\":\"https:\/\/www.montaltoconsulting.com\/es\/#website\",\"url\":\"https:\/\/www.montaltoconsulting.com\/es\/\",\"name\":\"Montalto Consulting\",\"description\":\"Montalto Consulting Group\",\"potentialAction\":[{\"@type\":\"SearchAction\",\"target\":{\"@type\":\"EntryPoint\",\"urlTemplate\":\"https:\/\/www.montaltoconsulting.com\/es\/?s={search_term_string}\"},\"query-input\":{\"@type\":\"PropertyValueSpecification\",\"valueRequired\":true,\"valueName\":\"search_term_string\"}}],\"inLanguage\":\"es-ES\"}]}<\/script>\n<!-- \/ Yoast SEO plugin. -->","yoast_head_json":{"title":"Consultor\u00eda Estrategia y Direcci\u00f3n","robots":{"index":"index","follow":"follow","max-snippet":"max-snippet:-1","max-image-preview":"max-image-preview:large","max-video-preview":"max-video-preview:-1"},"canonical":"https:\/\/www.montaltoconsulting.com\/es\/servicios\/consultoria-estrategia-y-direccion\/","og_locale":"es_ES","og_type":"article","og_title":"[:en]Strategy and Management Consulting[:es]Consultor\u00eda Estrategia y Direcci\u00f3n[:] - Montalto Consulting","og_description":"[&hellip;]","og_url":"https:\/\/www.montaltoconsulting.com\/es\/servicios\/consultoria-estrategia-y-direccion\/","og_site_name":"Montalto Consulting","article_modified_time":"2020-09-23T05:53:14+00:00","twitter_card":"summary_large_image","twitter_misc":{"Tiempo de lectura":"4 minutos"},"schema":{"@context":"https:\/\/schema.org","@graph":[{"@type":"WebPage","@id":"https:\/\/www.montaltoconsulting.com\/es\/servicios\/consultoria-estrategia-y-direccion\/","url":"https:\/\/www.montaltoconsulting.com\/es\/servicios\/consultoria-estrategia-y-direccion\/","name":"Consultor\u00eda Estrategia y Direcci\u00f3n","isPartOf":{"@id":"https:\/\/www.montaltoconsulting.com\/es\/#website"},"datePublished":"2020-02-29T21:17:43+00:00","dateModified":"2020-09-23T05:53:14+00:00","breadcrumb":{"@id":"https:\/\/www.montaltoconsulting.com\/es\/servicios\/consultoria-estrategia-y-direccion\/#breadcrumb"},"inLanguage":"es-ES","potentialAction":[{"@type":"ReadAction","target":["https:\/\/www.montaltoconsulting.com\/es\/servicios\/consultoria-estrategia-y-direccion\/"]}]},{"@type":"BreadcrumbList","@id":"https:\/\/www.montaltoconsulting.com\/es\/servicios\/consultoria-estrategia-y-direccion\/#breadcrumb","itemListElement":[{"@type":"ListItem","position":1,"name":"Portada","item":"https:\/\/www.montaltoconsulting.com\/es\/"},{"@type":"ListItem","position":2,"name":"Servicios","item":"https:\/\/www.montaltoconsulting.com\/es\/servicios\/"},{"@type":"ListItem","position":3,"name":"Consultor\u00eda Estrategia y Direcci\u00f3n"}]},{"@type":"WebSite","@id":"https:\/\/www.montaltoconsulting.com\/es\/#website","url":"https:\/\/www.montaltoconsulting.com\/es\/","name":"Montalto Consulting","description":"Montalto Consulting Group","potentialAction":[{"@type":"SearchAction","target":{"@type":"EntryPoint","urlTemplate":"https:\/\/www.montaltoconsulting.com\/es\/?s={search_term_string}"},"query-input":{"@type":"PropertyValueSpecification","valueRequired":true,"valueName":"search_term_string"}}],"inLanguage":"es-ES"}]}},"_links":{"self":[{"href":"https:\/\/www.montaltoconsulting.com\/es\/wp-json\/wp\/v2\/pages\/1700","targetHints":{"allow":["GET"]}}],"collection":[{"href":"https:\/\/www.montaltoconsulting.com\/es\/wp-json\/wp\/v2\/pages"}],"about":[{"href":"https:\/\/www.montaltoconsulting.com\/es\/wp-json\/wp\/v2\/types\/page"}],"author":[{"embeddable":true,"href":"https:\/\/www.montaltoconsulting.com\/es\/wp-json\/wp\/v2\/users\/1"}],"replies":[{"embeddable":true,"href":"https:\/\/www.montaltoconsulting.com\/es\/wp-json\/wp\/v2\/comments?post=1700"}],"version-history":[{"count":21,"href":"https:\/\/www.montaltoconsulting.com\/es\/wp-json\/wp\/v2\/pages\/1700\/revisions"}],"predecessor-version":[{"id":2521,"href":"https:\/\/www.montaltoconsulting.com\/es\/wp-json\/wp\/v2\/pages\/1700\/revisions\/2521"}],"up":[{"embeddable":true,"href":"https:\/\/www.montaltoconsulting.com\/es\/wp-json\/wp\/v2\/pages\/1373"}],"wp:attachment":[{"href":"https:\/\/www.montaltoconsulting.com\/es\/wp-json\/wp\/v2\/media?parent=1700"}],"curies":[{"name":"wp","href":"https:\/\/api.w.org\/{rel}","templated":true}]}}