{"id":1701,"date":"2020-02-29T21:17:58","date_gmt":"2020-02-29T21:17:58","guid":{"rendered":"http:\/\/www.montaltoconsulting.com\/?page_id=1701"},"modified":"2020-09-23T06:08:01","modified_gmt":"2020-09-23T06:08:01","slug":"consultoria-rse-y-prl","status":"publish","type":"page","link":"https:\/\/www.montaltoconsulting.com\/es\/servicios\/consultoria-rse-y-prl\/","title":{"rendered":"Consultor\u00eda RSE y PRL"},"content":{"rendered":"<div class=\"wpb-content-wrapper\"><p>[vc_row][vc_column][vc_tta_tabs][vc_tta_section title=\u00bbConsultor\u00eda PRL\u00bb tab_id=\u00bb1584469061680-1b363108-8b2c\u00bb][vc_row_inner][vc_column_inner][vc_column_text]<strong>Consultor\u00eda prevenci\u00f3n de riesgos laborales<\/strong><\/p>\n<p>La necesidad de gestionar adecuadamente la Prevenci\u00f3n de Riesgos es tan incuestionable como la de atender cualquier otra \u00e1rea clave para la estabilidad y la productividad en la empresa.[\/vc_column_text][vc_empty_space][\/vc_column_inner][\/vc_row_inner][vc_row_inner][vc_column_inner width=\u00bb1\/2&#8243;][vc_custom_heading text=\u00bbNuestra Oferta\u00bb font_container=\u00bbtag:h2|text_align:left|color:%23fd2c4c\u00bb use_theme_fonts=\u00bbyes\u00bb][vc_empty_space height=\u00bb15px\u00bb][vc_column_text]<\/p>\n<p style=\"text-align: justify;\">Adem\u00e1s de ser una obligaci\u00f3n legal para el empresario, de la que se pueden derivar consecuencias muy negativas en los \u00e1mbitos sancionatorio y penal, influye muy directamente en el aumento la productividad, la reputaci\u00f3n corporativa y en la valoraci\u00f3n e imagen de marca.<\/p>\n<p>[\/vc_column_text][\/vc_column_inner][vc_column_inner width=\u00bb1\/2&#8243; css=\u00bb.vc_custom_1588792905408{margin-bottom: -20px !important;}\u00bb][vc_empty_space height=\u00bb10px\u00bb][vc_gallery type=\u00bbflexslider_slide\u00bb interval=\u00bb3&#8243; images=\u00bb2396,1865,2414&#8243; img_size=\u00bbfull\u00bb onclick=\u00bb\u00bb][\/vc_column_inner][\/vc_row_inner][vc_row_inner][vc_column_inner][vc_column_text]<strong>Metodolog\u00eda:<\/strong><\/p>\n<p><strong>Servicio T\u00e9cnico<br \/>\n<\/strong><\/p>\n<ul>\n<li>Asignamos a cada empresa un T\u00e9cnico en Prevenci\u00f3n responsable de garantizar la prestaci\u00f3n del servicio, directamente y\/o coordin\u00e1ndose con otros especialistas.<\/li>\n<li>Elaboramos un Programa Anual de Actividades preventivas pactado con la direcci\u00f3n, y desarrollamos las actividades de acuerdo con ese cronograma.<\/li>\n<li>Realizamos una memoria anual de Servicios de Prevenci\u00f3n, recogiendo todas las actividades llevadas a cabo durante el a\u00f1o.<\/li>\n<\/ul>\n<p><strong>Actividades:<\/strong><\/p>\n<ul>\n<li>An\u00e1lisis de partida de la informaci\u00f3n estad\u00edstica de accidentalidad en la empresa.<\/li>\n<li>Visitas a los centros de trabajo.<\/li>\n<li>Mediciones ambientales de ruido, temperatura y humedad.<\/li>\n<li>Estudio de casos especialmente sensibles a determinados riesgos laborales.<\/li>\n<li>Elaboraci\u00f3n de la documentaci\u00f3n exigible por la ley.<\/li>\n<li>Actuaciones a medida adaptadas a necesidades espec\u00edficas<\/li>\n<li>Investigaci\u00f3n de accidentes.<\/li>\n<li>Cursos de formaci\u00f3n a medida.<\/li>\n<li>Verificaci\u00f3n de la integraci\u00f3n de la Prevenci\u00f3n.<\/li>\n<li>Visitas de acompa\u00f1amiento ante una inspecci\u00f3n de trabajo.<\/li>\n<li>Participaci\u00f3n como expertos en los comit\u00e9s de Salud y Seguridad de la empresa.<\/li>\n<li>Asesoramiento para la elaboraci\u00f3n e implantaci\u00f3n de procedimientos de trabajo.<\/li>\n<li>Asesoramiento en la coordinaci\u00f3n de actividades empresariales.<\/li>\n<li>Asesoramiento t\u00e9cnico y jur\u00eddico en caso de actas de Inspecci\u00f3n de Trabajo.<\/li>\n<\/ul>\n<p>[\/vc_column_text][\/vc_column_inner][\/vc_row_inner][\/vc_tta_section][vc_tta_section title=\u00bbConsultor\u00eda RSE\u00bb tab_id=\u00bb1584468822957-e2e82f97-2643&#8243;][vc_row_inner][vc_column_inner][vc_column_text]<strong>Consultor\u00eda responsabilidad social<\/strong><\/p>\n<p>Las organizaciones que quieran maximizar sus resultados deben ser capaces de identificar y satisfacer las necesidades de todos sus grupos de inter\u00e9s y definir su estrategia de Responsabilidad Social, incorporando criterios sociales y ambientales (no solo econ\u00f3micos) en su toma de decisiones.[\/vc_column_text][vc_empty_space][\/vc_column_inner][\/vc_row_inner][vc_row_inner][vc_column_inner width=\u00bb1\/2&#8243;][vc_custom_heading text=\u00bbNUESTRA OFERTA\u00bb font_container=\u00bbtag:h2|text_align:left|color:%23fd2c4c\u00bb use_theme_fonts=\u00bbyes\u00bb][vc_empty_space height=\u00bb15px\u00bb][vc_column_text]En <strong>mcg<\/strong> acompa\u00f1amos a la empresa hacia su RSE personalizada. Creemos en la necesidad que cada organizaci\u00f3n construya su propia visi\u00f3n de la RSE a partir de los principios base de su filosof\u00eda, del mismo modo que lo es su estrategia.[\/vc_column_text][\/vc_column_inner][vc_column_inner width=\u00bb1\/2&#8243; css=\u00bb.vc_custom_1588792948804{margin-bottom: -30px !important;}\u00bb][vc_empty_space height=\u00bb10px\u00bb][vc_gallery type=\u00bbflexslider_slide\u00bb interval=\u00bb3&#8243; images=\u00bb1859,1858,1857&#8243; img_size=\u00bbfull\u00bb onclick=\u00bb\u00bb][\/vc_column_inner][\/vc_row_inner][vc_row_inner][vc_column_inner][vc_column_text]<strong>Metodolog\u00eda<\/strong><\/p>\n<p>Los pasos que seguimos en nuestra metodolog\u00eda son:<\/p>\n<ol>\n<li>Identificaci\u00f3n y selecci\u00f3n de los grupos de inter\u00e9s de la organizaci\u00f3n.<\/li>\n<li>Evaluaci\u00f3n y posicionamiento de la empresa frente a la RSE (gu\u00eda RS <strong>mcg<\/strong>)<\/li>\n<li>Propuestas de acciones de mejora y ventajas competitivas.<\/li>\n<li>Din\u00e1micas con grupos de trabajo multidisciplinarios.<\/li>\n<li>Estudio de viabilidad y validaci\u00f3n de las acciones que conforman el Plan de RSE.<\/li>\n<li>Despliegue y seguimiento del Plan RSE.<\/li>\n<\/ol>\n<p>[\/vc_column_text][\/vc_column_inner][\/vc_row_inner][\/vc_tta_section][\/vc_tta_tabs][\/vc_column][\/vc_row]<\/p>\n<\/div>","protected":false},"excerpt":{"rendered":"<p> [&hellip;]<\/p>\n","protected":false},"author":1,"featured_media":0,"parent":1373,"menu_order":0,"comment_status":"closed","ping_status":"closed","template":"tpl\/page_single.php","meta":{"footnotes":""},"class_list":["post-1701","page","type-page","status-publish","hentry"],"yoast_head":"<!-- This site is optimized with the Yoast SEO plugin v27.2 - https:\/\/yoast.com\/product\/yoast-seo-wordpress\/ -->\n<title>Consultor\u00eda RSE y PRL<\/title>\n<meta name=\"robots\" content=\"index, follow, max-snippet:-1, max-image-preview:large, max-video-preview:-1\" \/>\n<link rel=\"canonical\" href=\"https:\/\/www.montaltoconsulting.com\/es\/servicios\/consultoria-rse-y-prl\/\" \/>\n<meta property=\"og:locale\" content=\"es_ES\" \/>\n<meta property=\"og:locale:alternate\" content=\"en_US\" \/>\n<meta property=\"og:type\" content=\"article\" \/>\n<meta property=\"og:title\" content=\"Consultor\u00eda RSE y PRL\" \/>\n<meta property=\"og:description\" content=\"[&hellip;]\" \/>\n<meta property=\"og:url\" content=\"https:\/\/www.montaltoconsulting.com\/es\/servicios\/consultoria-rse-y-prl\/\" \/>\n<meta property=\"og:site_name\" content=\"Montalto Consulting\" \/>\n<meta property=\"article:modified_time\" content=\"2020-09-23T06:08:01+00:00\" \/>\n<meta name=\"twitter:card\" content=\"summary_large_image\" \/>\n<meta name=\"twitter:label1\" content=\"Tiempo de lectura\" \/>\n\t<meta name=\"twitter:data1\" content=\"7 minutos\" \/>\n<script type=\"application\/ld+json\" class=\"yoast-schema-graph\">{\"@context\":\"https:\/\/schema.org\",\"@graph\":[{\"@type\":\"WebPage\",\"@id\":\"https:\/\/www.montaltoconsulting.com\/es\/servicios\/consultoria-rse-y-prl\/\",\"url\":\"https:\/\/www.montaltoconsulting.com\/es\/servicios\/consultoria-rse-y-prl\/\",\"name\":\"Consultor\u00eda RSE y PRL\",\"isPartOf\":{\"@id\":\"https:\/\/www.montaltoconsulting.com\/es\/#website\"},\"datePublished\":\"2020-02-29T21:17:58+00:00\",\"dateModified\":\"2020-09-23T06:08:01+00:00\",\"breadcrumb\":{\"@id\":\"https:\/\/www.montaltoconsulting.com\/es\/servicios\/consultoria-rse-y-prl\/#breadcrumb\"},\"inLanguage\":\"es-ES\",\"potentialAction\":[{\"@type\":\"ReadAction\",\"target\":[\"https:\/\/www.montaltoconsulting.com\/es\/servicios\/consultoria-rse-y-prl\/\"]}]},{\"@type\":\"BreadcrumbList\",\"@id\":\"https:\/\/www.montaltoconsulting.com\/es\/servicios\/consultoria-rse-y-prl\/#breadcrumb\",\"itemListElement\":[{\"@type\":\"ListItem\",\"position\":1,\"name\":\"Portada\",\"item\":\"https:\/\/www.montaltoconsulting.com\/es\/\"},{\"@type\":\"ListItem\",\"position\":2,\"name\":\"Servicios\",\"item\":\"https:\/\/www.montaltoconsulting.com\/es\/servicios\/\"},{\"@type\":\"ListItem\",\"position\":3,\"name\":\"Consultor\u00eda RSE y PRL\"}]},{\"@type\":\"WebSite\",\"@id\":\"https:\/\/www.montaltoconsulting.com\/es\/#website\",\"url\":\"https:\/\/www.montaltoconsulting.com\/es\/\",\"name\":\"Montalto Consulting\",\"description\":\"Montalto Consulting Group\",\"potentialAction\":[{\"@type\":\"SearchAction\",\"target\":{\"@type\":\"EntryPoint\",\"urlTemplate\":\"https:\/\/www.montaltoconsulting.com\/es\/?s={search_term_string}\"},\"query-input\":{\"@type\":\"PropertyValueSpecification\",\"valueRequired\":true,\"valueName\":\"search_term_string\"}}],\"inLanguage\":\"es-ES\"}]}<\/script>\n<!-- \/ Yoast SEO plugin. -->","yoast_head_json":{"title":"Consultor\u00eda RSE y PRL","robots":{"index":"index","follow":"follow","max-snippet":"max-snippet:-1","max-image-preview":"max-image-preview:large","max-video-preview":"max-video-preview:-1"},"canonical":"https:\/\/www.montaltoconsulting.com\/es\/servicios\/consultoria-rse-y-prl\/","og_locale":"es_ES","og_type":"article","og_title":"[:en]CSR and PLR Consulting[:es]Consultor\u00eda RSE y PRL[:] - Montalto Consulting","og_description":"[&hellip;]","og_url":"https:\/\/www.montaltoconsulting.com\/es\/servicios\/consultoria-rse-y-prl\/","og_site_name":"Montalto Consulting","article_modified_time":"2020-09-23T06:08:01+00:00","twitter_card":"summary_large_image","twitter_misc":{"Tiempo de lectura":"7 minutos"},"schema":{"@context":"https:\/\/schema.org","@graph":[{"@type":"WebPage","@id":"https:\/\/www.montaltoconsulting.com\/es\/servicios\/consultoria-rse-y-prl\/","url":"https:\/\/www.montaltoconsulting.com\/es\/servicios\/consultoria-rse-y-prl\/","name":"Consultor\u00eda RSE y PRL","isPartOf":{"@id":"https:\/\/www.montaltoconsulting.com\/es\/#website"},"datePublished":"2020-02-29T21:17:58+00:00","dateModified":"2020-09-23T06:08:01+00:00","breadcrumb":{"@id":"https:\/\/www.montaltoconsulting.com\/es\/servicios\/consultoria-rse-y-prl\/#breadcrumb"},"inLanguage":"es-ES","potentialAction":[{"@type":"ReadAction","target":["https:\/\/www.montaltoconsulting.com\/es\/servicios\/consultoria-rse-y-prl\/"]}]},{"@type":"BreadcrumbList","@id":"https:\/\/www.montaltoconsulting.com\/es\/servicios\/consultoria-rse-y-prl\/#breadcrumb","itemListElement":[{"@type":"ListItem","position":1,"name":"Portada","item":"https:\/\/www.montaltoconsulting.com\/es\/"},{"@type":"ListItem","position":2,"name":"Servicios","item":"https:\/\/www.montaltoconsulting.com\/es\/servicios\/"},{"@type":"ListItem","position":3,"name":"Consultor\u00eda RSE y PRL"}]},{"@type":"WebSite","@id":"https:\/\/www.montaltoconsulting.com\/es\/#website","url":"https:\/\/www.montaltoconsulting.com\/es\/","name":"Montalto Consulting","description":"Montalto Consulting Group","potentialAction":[{"@type":"SearchAction","target":{"@type":"EntryPoint","urlTemplate":"https:\/\/www.montaltoconsulting.com\/es\/?s={search_term_string}"},"query-input":{"@type":"PropertyValueSpecification","valueRequired":true,"valueName":"search_term_string"}}],"inLanguage":"es-ES"}]}},"_links":{"self":[{"href":"https:\/\/www.montaltoconsulting.com\/es\/wp-json\/wp\/v2\/pages\/1701","targetHints":{"allow":["GET"]}}],"collection":[{"href":"https:\/\/www.montaltoconsulting.com\/es\/wp-json\/wp\/v2\/pages"}],"about":[{"href":"https:\/\/www.montaltoconsulting.com\/es\/wp-json\/wp\/v2\/types\/page"}],"author":[{"embeddable":true,"href":"https:\/\/www.montaltoconsulting.com\/es\/wp-json\/wp\/v2\/users\/1"}],"replies":[{"embeddable":true,"href":"https:\/\/www.montaltoconsulting.com\/es\/wp-json\/wp\/v2\/comments?post=1701"}],"version-history":[{"count":48,"href":"https:\/\/www.montaltoconsulting.com\/es\/wp-json\/wp\/v2\/pages\/1701\/revisions"}],"predecessor-version":[{"id":2524,"href":"https:\/\/www.montaltoconsulting.com\/es\/wp-json\/wp\/v2\/pages\/1701\/revisions\/2524"}],"up":[{"embeddable":true,"href":"https:\/\/www.montaltoconsulting.com\/es\/wp-json\/wp\/v2\/pages\/1373"}],"wp:attachment":[{"href":"https:\/\/www.montaltoconsulting.com\/es\/wp-json\/wp\/v2\/media?parent=1701"}],"curies":[{"name":"wp","href":"https:\/\/api.w.org\/{rel}","templated":true}]}}