{"id":1896,"date":"2020-03-29T06:39:16","date_gmt":"2020-03-29T06:39:16","guid":{"rendered":"http:\/\/www.montaltoconsulting.com\/?page_id=1896"},"modified":"2020-09-23T05:55:22","modified_gmt":"2020-09-23T05:55:22","slug":"consultoria-gestion-global-de-proyectos","status":"publish","type":"page","link":"https:\/\/www.montaltoconsulting.com\/es\/servicios\/consultoria-gestion-global-de-proyectos\/","title":{"rendered":"Consultor\u00eda Gesti\u00f3n Global de Proyectos"},"content":{"rendered":"<div class=\"wpb-content-wrapper\"><p>[vc_row][vc_column width=\u00bb1\/2&#8243;][vc_custom_heading text=\u00bbNuestra Oferta\u00bb font_container=\u00bbtag:h2|text_align:left|color:%23fd2c4c\u00bb use_theme_fonts=\u00bbyes\u00bb][vc_column_text]<strong>1.- Metodolog\u00eda mcg de gesti\u00f3n de proyectos (del dise\u00f1o a la industrializaci\u00f3n)<\/strong><\/p>\n<p style=\"text-align: justify;\">La metodolog\u00eda <strong>mcg<\/strong> de gesti\u00f3n de proyectos toma como base todas las mejores pr\u00e1cticas del sector del autom\u00f3vil, y permite a trav\u00e9s de varias validaciones de etapas proyecto, el desarrollo de nuevos productos respetando los objetivos de Calidad, Coste y Plazo acordados con el cliente.<\/p>\n<p style=\"text-align: justify;\">Esta metodolog\u00eda simplifica la gesti\u00f3n y el reporting, buscando lo justo y necesario, asegurando la Calidad e identificando y gestionando los riesgos proyecto.<\/p>\n<p>[\/vc_column_text][\/vc_column][vc_column width=\u00bb1\/2&#8243;][vc_empty_space height=\u00bb50px\u00bb][vc_gallery type=\u00bbflexslider_slide\u00bb interval=\u00bb3&#8243; images=\u00bb2341,2409,2410,2408&#8243; img_size=\u00bbfull\u00bb onclick=\u00bb\u00bb][\/vc_column][\/vc_row][vc_row css=\u00bb.vc_custom_1588789685418{margin-top: 20px !important;}\u00bb][vc_column][vc_column_text]<strong>2.- Programa de mcg de desarrollo de proveedores<\/strong><\/p>\n<p style=\"text-align: justify;\">El Programa de Desarrollo de Proveedores (PDP), es el conjunto de acciones sistem\u00e1ticas encaminadas a elaborar y poner en marcha un plan de mejora de los Proveedores de una Empresa que le suministra productos y\/o servicios. En la actualidad cobra gran importancia que la relaci\u00f3n cliente-proveedor sea lo m\u00e1s fluida y sana posible, compartiendo est\u00e1ndares similares en cuanto a calidad, servicio y capacidad de respuesta.<\/p>\n<p>[\/vc_column_text][vc_empty_space height=\u00bb24px\u00bb][\/vc_column][\/vc_row]<\/p>\n<\/div>","protected":false},"excerpt":{"rendered":"<p> [&hellip;]<\/p>\n","protected":false},"author":1,"featured_media":0,"parent":1373,"menu_order":0,"comment_status":"closed","ping_status":"closed","template":"tpl\/page_single.php","meta":{"footnotes":""},"class_list":["post-1896","page","type-page","status-publish","hentry"],"yoast_head":"<!-- This site is optimized with the Yoast SEO plugin v27.2 - https:\/\/yoast.com\/product\/yoast-seo-wordpress\/ -->\n<title>Consultor\u00eda Gesti\u00f3n Global de Proyectos<\/title>\n<meta name=\"robots\" content=\"index, follow, max-snippet:-1, max-image-preview:large, max-video-preview:-1\" \/>\n<link rel=\"canonical\" href=\"https:\/\/www.montaltoconsulting.com\/es\/servicios\/consultoria-gestion-global-de-proyectos\/\" \/>\n<meta property=\"og:locale\" content=\"es_ES\" \/>\n<meta property=\"og:locale:alternate\" content=\"en_US\" \/>\n<meta property=\"og:type\" content=\"article\" \/>\n<meta property=\"og:title\" content=\"Consultor\u00eda Gesti\u00f3n Global de Proyectos\" \/>\n<meta property=\"og:description\" content=\"[&hellip;]\" \/>\n<meta property=\"og:url\" content=\"https:\/\/www.montaltoconsulting.com\/es\/servicios\/consultoria-gestion-global-de-proyectos\/\" \/>\n<meta property=\"og:site_name\" content=\"Montalto Consulting\" \/>\n<meta property=\"article:modified_time\" content=\"2020-09-23T05:55:22+00:00\" \/>\n<meta name=\"twitter:card\" content=\"summary_large_image\" \/>\n<meta name=\"twitter:label1\" content=\"Tiempo de lectura\" \/>\n\t<meta name=\"twitter:data1\" content=\"2 minutos\" \/>\n<script type=\"application\/ld+json\" class=\"yoast-schema-graph\">{\"@context\":\"https:\/\/schema.org\",\"@graph\":[{\"@type\":\"WebPage\",\"@id\":\"https:\/\/www.montaltoconsulting.com\/es\/servicios\/consultoria-gestion-global-de-proyectos\/\",\"url\":\"https:\/\/www.montaltoconsulting.com\/es\/servicios\/consultoria-gestion-global-de-proyectos\/\",\"name\":\"Consultor\u00eda Gesti\u00f3n Global de Proyectos\",\"isPartOf\":{\"@id\":\"https:\/\/www.montaltoconsulting.com\/es\/#website\"},\"datePublished\":\"2020-03-29T06:39:16+00:00\",\"dateModified\":\"2020-09-23T05:55:22+00:00\",\"breadcrumb\":{\"@id\":\"https:\/\/www.montaltoconsulting.com\/es\/servicios\/consultoria-gestion-global-de-proyectos\/#breadcrumb\"},\"inLanguage\":\"es-ES\",\"potentialAction\":[{\"@type\":\"ReadAction\",\"target\":[\"https:\/\/www.montaltoconsulting.com\/es\/servicios\/consultoria-gestion-global-de-proyectos\/\"]}]},{\"@type\":\"BreadcrumbList\",\"@id\":\"https:\/\/www.montaltoconsulting.com\/es\/servicios\/consultoria-gestion-global-de-proyectos\/#breadcrumb\",\"itemListElement\":[{\"@type\":\"ListItem\",\"position\":1,\"name\":\"Portada\",\"item\":\"https:\/\/www.montaltoconsulting.com\/es\/\"},{\"@type\":\"ListItem\",\"position\":2,\"name\":\"Servicios\",\"item\":\"https:\/\/www.montaltoconsulting.com\/es\/servicios\/\"},{\"@type\":\"ListItem\",\"position\":3,\"name\":\"Consultor\u00eda Gesti\u00f3n Global de Proyectos\"}]},{\"@type\":\"WebSite\",\"@id\":\"https:\/\/www.montaltoconsulting.com\/es\/#website\",\"url\":\"https:\/\/www.montaltoconsulting.com\/es\/\",\"name\":\"Montalto Consulting\",\"description\":\"Montalto Consulting Group\",\"potentialAction\":[{\"@type\":\"SearchAction\",\"target\":{\"@type\":\"EntryPoint\",\"urlTemplate\":\"https:\/\/www.montaltoconsulting.com\/es\/?s={search_term_string}\"},\"query-input\":{\"@type\":\"PropertyValueSpecification\",\"valueRequired\":true,\"valueName\":\"search_term_string\"}}],\"inLanguage\":\"es-ES\"}]}<\/script>\n<!-- \/ Yoast SEO plugin. -->","yoast_head_json":{"title":"Consultor\u00eda Gesti\u00f3n Global de Proyectos","robots":{"index":"index","follow":"follow","max-snippet":"max-snippet:-1","max-image-preview":"max-image-preview:large","max-video-preview":"max-video-preview:-1"},"canonical":"https:\/\/www.montaltoconsulting.com\/es\/servicios\/consultoria-gestion-global-de-proyectos\/","og_locale":"es_ES","og_type":"article","og_title":"[:en]Consulting of Global Project Management[:es]Consultor\u00eda Gesti\u00f3n Global de Proyectos[:] - Montalto Consulting","og_description":"[&hellip;]","og_url":"https:\/\/www.montaltoconsulting.com\/es\/servicios\/consultoria-gestion-global-de-proyectos\/","og_site_name":"Montalto Consulting","article_modified_time":"2020-09-23T05:55:22+00:00","twitter_card":"summary_large_image","twitter_misc":{"Tiempo de lectura":"2 minutos"},"schema":{"@context":"https:\/\/schema.org","@graph":[{"@type":"WebPage","@id":"https:\/\/www.montaltoconsulting.com\/es\/servicios\/consultoria-gestion-global-de-proyectos\/","url":"https:\/\/www.montaltoconsulting.com\/es\/servicios\/consultoria-gestion-global-de-proyectos\/","name":"Consultor\u00eda Gesti\u00f3n Global de Proyectos","isPartOf":{"@id":"https:\/\/www.montaltoconsulting.com\/es\/#website"},"datePublished":"2020-03-29T06:39:16+00:00","dateModified":"2020-09-23T05:55:22+00:00","breadcrumb":{"@id":"https:\/\/www.montaltoconsulting.com\/es\/servicios\/consultoria-gestion-global-de-proyectos\/#breadcrumb"},"inLanguage":"es-ES","potentialAction":[{"@type":"ReadAction","target":["https:\/\/www.montaltoconsulting.com\/es\/servicios\/consultoria-gestion-global-de-proyectos\/"]}]},{"@type":"BreadcrumbList","@id":"https:\/\/www.montaltoconsulting.com\/es\/servicios\/consultoria-gestion-global-de-proyectos\/#breadcrumb","itemListElement":[{"@type":"ListItem","position":1,"name":"Portada","item":"https:\/\/www.montaltoconsulting.com\/es\/"},{"@type":"ListItem","position":2,"name":"Servicios","item":"https:\/\/www.montaltoconsulting.com\/es\/servicios\/"},{"@type":"ListItem","position":3,"name":"Consultor\u00eda Gesti\u00f3n Global de Proyectos"}]},{"@type":"WebSite","@id":"https:\/\/www.montaltoconsulting.com\/es\/#website","url":"https:\/\/www.montaltoconsulting.com\/es\/","name":"Montalto Consulting","description":"Montalto Consulting Group","potentialAction":[{"@type":"SearchAction","target":{"@type":"EntryPoint","urlTemplate":"https:\/\/www.montaltoconsulting.com\/es\/?s={search_term_string}"},"query-input":{"@type":"PropertyValueSpecification","valueRequired":true,"valueName":"search_term_string"}}],"inLanguage":"es-ES"}]}},"_links":{"self":[{"href":"https:\/\/www.montaltoconsulting.com\/es\/wp-json\/wp\/v2\/pages\/1896","targetHints":{"allow":["GET"]}}],"collection":[{"href":"https:\/\/www.montaltoconsulting.com\/es\/wp-json\/wp\/v2\/pages"}],"about":[{"href":"https:\/\/www.montaltoconsulting.com\/es\/wp-json\/wp\/v2\/types\/page"}],"author":[{"embeddable":true,"href":"https:\/\/www.montaltoconsulting.com\/es\/wp-json\/wp\/v2\/users\/1"}],"replies":[{"embeddable":true,"href":"https:\/\/www.montaltoconsulting.com\/es\/wp-json\/wp\/v2\/comments?post=1896"}],"version-history":[{"count":20,"href":"https:\/\/www.montaltoconsulting.com\/es\/wp-json\/wp\/v2\/pages\/1896\/revisions"}],"predecessor-version":[{"id":2523,"href":"https:\/\/www.montaltoconsulting.com\/es\/wp-json\/wp\/v2\/pages\/1896\/revisions\/2523"}],"up":[{"embeddable":true,"href":"https:\/\/www.montaltoconsulting.com\/es\/wp-json\/wp\/v2\/pages\/1373"}],"wp:attachment":[{"href":"https:\/\/www.montaltoconsulting.com\/es\/wp-json\/wp\/v2\/media?parent=1896"}],"curies":[{"name":"wp","href":"https:\/\/api.w.org\/{rel}","templated":true}]}}