{"id":2343,"date":"2020-06-01T14:41:44","date_gmt":"2020-06-01T14:41:44","guid":{"rendered":"http:\/\/www.montaltoconsulting.com\/?page_id=2343"},"modified":"2020-09-23T06:19:13","modified_gmt":"2020-09-23T06:19:13","slug":"programa-mcg-pro","status":"publish","type":"page","link":"https:\/\/www.montaltoconsulting.com\/es\/servicios\/programa-mcg-pro\/","title":{"rendered":"Programa MCG Pro"},"content":{"rendered":"<div class=\"wpb-content-wrapper\"><p>[vc_row][vc_column][vc_custom_heading text=\u00bbQu\u00e9 es MCG-PRO\u00bb font_container=\u00bbtag:h2|text_align:left|color:%23fd2c4c\u00bb use_theme_fonts=\u00bbyes\u00bb][vc_empty_space height=\u00bb24px\u00bb][vc_column_text]<\/p>\n<ul>\n<li style=\"text-align: justify;\">Una experiencia de aprendizaje intensiva, que permite conocer herramientas y pr\u00e1cticas clave para continuar la transformaci\u00f3n en su empresa.<\/li>\n<li style=\"text-align: justify;\">Una palanca para la toma de decisiones en el entorno competitivo actual a trav\u00e9s del conocimiento de las mejores pr\u00e1cticas y modos de funcionamiento desde la concepci\u00f3n hasta la industrializaci\u00f3n y distribuci\u00f3n.<\/li>\n<\/ul>\n<p>[\/vc_column_text][\/vc_column][\/vc_row][vc_row][vc_column width=\u00bb1\/2&#8243;][vc_empty_space height=\u00bb24px\u00bb][vc_empty_space height=\u00bb24px\u00bb][vc_column_text]<\/p>\n<h4 class=\"box-title\">Por qu\u00e9 participar<\/h4>\n<ul>\n<li>Eres motor de transformaci\u00f3n en tu empresa<\/li>\n<li>Es un programa tutorizado y personal izado a demanda<\/li>\n<li>Compartir experiencias es base de aprendizaje<\/li>\n<li>Mirar m\u00e1s all\u00e1 para seguir construyendo futuro<\/li>\n<\/ul>\n<p>[\/vc_column_text][vc_empty_space height=\u00bb24px\u00bb][vc_custom_heading text=\u00bbPrograma\u00bb font_container=\u00bbtag:h2|text_align:left|color:%23fd2c4c\u00bb use_theme_fonts=\u00bbyes\u00bb][vc_empty_space height=\u00bb24px\u00bb][vc_column_text]<\/p>\n<h4 class=\"box-title\">D\u00eda 1 Concepci\u00f3n Robusta<\/h4>\n<ul class=\"flat-list\">\n<li>Bienvenida progama MCG-PRO<\/li>\n<li>Concepci\u00f3n robusta de producto<\/li>\n<li>Gesti\u00f3n ciclo de vida de producto<\/li>\n<\/ul>\n<p>[\/vc_column_text][vc_empty_space height=\u00bb24px\u00bb][vc_column_text]<\/p>\n<h4 class=\"box-title\">D\u00eda 2 Estrategia gesti\u00f3n de proyectos<\/h4>\n<ul class=\"flat-list\">\n<li>Gesti\u00f3n estrat\u00e9gica de proyectos<\/li>\n<li>Gesti\u00f3n del coste, estimar, asignar y controlar<\/li>\n<li>Gesti\u00f3n de la Calidad Global del proyecto.<\/li>\n<li>Gesti\u00f3n de riesgos<\/li>\n<li>Gesti\u00f3n de las personas y del cambio<\/li>\n<\/ul>\n<p>[\/vc_column_text][vc_empty_space height=\u00bb24px\u00bb][vc_column_text]<\/p>\n<h4 class=\"box-title\">D\u00eda 3 Metodolog\u00eda de gesti\u00f3n de proyectos<\/h4>\n<ul class=\"flat-list\">\n<li>Metodolog\u00edas de la gesti\u00f3n de proyectos<\/li>\n<li>ISO 21500<\/li>\n<li>Principios manifiesto Agile<\/li>\n<li>M\u00e9todo Scrum<\/li>\n<li>Herramientas colaborativas de gesti\u00f3n de proyectos<\/li>\n<\/ul>\n<p>[\/vc_column_text][vc_empty_space height=\u00bb24px\u00bb][vc_column_text]<\/p>\n<h4 class=\"box-title\">D\u00eda 4 Insite<\/h4>\n<ul class=\"flat-list\">\n<li>Visita centro de desarrollo producto<\/li>\n<\/ul>\n<p>[\/vc_column_text][vc_empty_space height=\u00bb24px\u00bb][vc_column_text]<\/p>\n<h4 class=\"box-title\">D\u00eda 5 Insite<\/h4>\n<ul class=\"flat-list\">\n<li>Visita centro de desarrollo producto<\/li>\n<\/ul>\n<p>[\/vc_column_text][vc_empty_space height=\u00bb24px\u00bb][vc_column_text]<\/p>\n<h4 class=\"box-title\">D\u00eda 6 Nuevos smas. productivos<\/h4>\n<ul class=\"flat-list\">\n<li>La gesti\u00f3n de operaciones y el lean Manufacturing<\/li>\n<li>El sistema de producci\u00f3n global y hol\u00edstico<\/li>\n<\/ul>\n<p>[\/vc_column_text][vc_empty_space height=\u00bb24px\u00bb][vc_column_text]<\/p>\n<h4 class=\"box-title\">D\u00eda 7 Tecnolog\u00edas 4.0<\/h4>\n<ul class=\"flat-list\">\n<li>La f\u00e1brica aditiva<\/li>\n<li>Machine learning<\/li>\n<li>Blockchain<\/li>\n<\/ul>\n<p>[\/vc_column_text][vc_empty_space height=\u00bb24px\u00bb][vc_column_text]<\/p>\n<h4 class=\"box-title\">D\u00eda 8 Industria 4.0<\/h4>\n<ul class=\"flat-list\">\n<li>La f\u00e1brica conectada<\/li>\n<li>Los habilitadores de la industria 4.0<\/li>\n<\/ul>\n<p>[\/vc_column_text][vc_empty_space height=\u00bb24px\u00bb][vc_column_text]<\/p>\n<h4 class=\"box-title\">D\u00eda 9 Insite<\/h4>\n<ul class=\"flat-list\">\n<li>Visita f\u00e1brica sistema lean avanzado<\/li>\n<\/ul>\n<p>[\/vc_column_text][vc_empty_space height=\u00bb24px\u00bb][vc_column_text]<\/p>\n<h4 class=\"box-title\">D\u00eda 10 Insite<\/h4>\n<ul class=\"flat-list\">\n<li>Visita f\u00e1brica conectada 4.0<\/li>\n<\/ul>\n<p>[\/vc_column_text][vc_empty_space height=\u00bb24px\u00bb][\/vc_column][vc_column width=\u00bb1\/2&#8243;][vc_empty_space height=\u00bb50px\u00bb][vc_gallery type=\u00bbflexslider_slide\u00bb interval=\u00bb3&#8243; images=\u00bb2395,2421,2398,2420&#8243; img_size=\u00bbfull\u00bb onclick=\u00bb\u00bb][vc_column_text]<\/p>\n<h4 class=\"box-title\">Resultados Esperados:<\/h4>\n<ul>\n<li>Tener una visi\u00f3n global del proceso de la empresa e identificar v\u00edas de mejora<\/li>\n<li>Conocer y adaptar nuevas metodolog\u00edas de gesti\u00f3n de proyectos<\/li>\n<li>Conocer y adaptar herramientas dentro del 4.0<\/li>\n<li>Compartir experiencias y problem\u00e1ticas de la mano de otros profesionales<\/li>\n<li>Desarrollar el sentido de la observaci\u00f3n del terreno, a analizar hechos y hablar con cifras<\/li>\n<li>Cuestionar los h\u00e1bitos adquiridos y compartir nuevas ideas<\/li>\n<li>Comprometer a las personas que trabajan en la empresa a un cambio que les implique<\/li>\n<li>Aumentar tu red de contactos<\/li>\n<li>Contribuir a la reducci\u00f3n de costes de concepci\u00f3n<\/li>\n<li>Disminuir los plazos hasta la industrializaci\u00f3n<\/li>\n<li>Realizar presupuestos de proyectos fieles a la realidad<\/li>\n<\/ul>\n<p>[\/vc_column_text][vc_empty_space height=\u00bb24px\u00bb][vc_column_text]<\/p>\n<h4 class=\"box-title\">Adaptaci\u00f3n del programa al candidato<\/h4>\n<ul>\n<li>Para garantizar que el programa se adapta a la perfecci\u00f3n a las necesidades y perfiles de los participantes, se realizar\u00e1 una entrevista personal con el candidato para customizar el programa a las expectativas.<\/li>\n<\/ul>\n<p>[\/vc_column_text][\/vc_column][\/vc_row][vc_row][vc_column][vc_empty_space height=\u00bb40px\u00bb][\/vc_column][\/vc_row]<\/p>\n<\/div>","protected":false},"excerpt":{"rendered":"<p> [&hellip;]<\/p>\n","protected":false},"author":1,"featured_media":0,"parent":1373,"menu_order":0,"comment_status":"closed","ping_status":"closed","template":"tpl\/page_single.php","meta":{"footnotes":""},"class_list":["post-2343","page","type-page","status-publish","hentry"],"yoast_head":"<!-- This site is optimized with the Yoast SEO plugin v27.2 - https:\/\/yoast.com\/product\/yoast-seo-wordpress\/ -->\n<title>Programa MCG Pro<\/title>\n<meta name=\"robots\" content=\"index, follow, max-snippet:-1, max-image-preview:large, max-video-preview:-1\" \/>\n<link rel=\"canonical\" href=\"https:\/\/www.montaltoconsulting.com\/es\/servicios\/programa-mcg-pro\/\" \/>\n<meta property=\"og:locale\" content=\"es_ES\" \/>\n<meta property=\"og:locale:alternate\" content=\"en_US\" \/>\n<meta property=\"og:type\" content=\"article\" \/>\n<meta property=\"og:title\" content=\"Programa MCG Pro\" \/>\n<meta property=\"og:description\" content=\"[&hellip;]\" \/>\n<meta property=\"og:url\" content=\"https:\/\/www.montaltoconsulting.com\/es\/servicios\/programa-mcg-pro\/\" \/>\n<meta property=\"og:site_name\" content=\"Montalto Consulting\" \/>\n<meta property=\"article:modified_time\" content=\"2020-09-23T06:19:13+00:00\" \/>\n<meta name=\"twitter:card\" content=\"summary_large_image\" \/>\n<meta name=\"twitter:label1\" content=\"Tiempo de lectura\" \/>\n\t<meta name=\"twitter:data1\" content=\"7 minutos\" \/>\n<script type=\"application\/ld+json\" class=\"yoast-schema-graph\">{\"@context\":\"https:\/\/schema.org\",\"@graph\":[{\"@type\":\"WebPage\",\"@id\":\"https:\/\/www.montaltoconsulting.com\/es\/servicios\/programa-mcg-pro\/\",\"url\":\"https:\/\/www.montaltoconsulting.com\/es\/servicios\/programa-mcg-pro\/\",\"name\":\"Programa MCG Pro\",\"isPartOf\":{\"@id\":\"https:\/\/www.montaltoconsulting.com\/es\/#website\"},\"datePublished\":\"2020-06-01T14:41:44+00:00\",\"dateModified\":\"2020-09-23T06:19:13+00:00\",\"breadcrumb\":{\"@id\":\"https:\/\/www.montaltoconsulting.com\/es\/servicios\/programa-mcg-pro\/#breadcrumb\"},\"inLanguage\":\"es-ES\",\"potentialAction\":[{\"@type\":\"ReadAction\",\"target\":[\"https:\/\/www.montaltoconsulting.com\/es\/servicios\/programa-mcg-pro\/\"]}]},{\"@type\":\"BreadcrumbList\",\"@id\":\"https:\/\/www.montaltoconsulting.com\/es\/servicios\/programa-mcg-pro\/#breadcrumb\",\"itemListElement\":[{\"@type\":\"ListItem\",\"position\":1,\"name\":\"Portada\",\"item\":\"https:\/\/www.montaltoconsulting.com\/es\/\"},{\"@type\":\"ListItem\",\"position\":2,\"name\":\"Servicios\",\"item\":\"https:\/\/www.montaltoconsulting.com\/es\/servicios\/\"},{\"@type\":\"ListItem\",\"position\":3,\"name\":\"Programa MCG Pro\"}]},{\"@type\":\"WebSite\",\"@id\":\"https:\/\/www.montaltoconsulting.com\/es\/#website\",\"url\":\"https:\/\/www.montaltoconsulting.com\/es\/\",\"name\":\"Montalto Consulting\",\"description\":\"Montalto Consulting Group\",\"potentialAction\":[{\"@type\":\"SearchAction\",\"target\":{\"@type\":\"EntryPoint\",\"urlTemplate\":\"https:\/\/www.montaltoconsulting.com\/es\/?s={search_term_string}\"},\"query-input\":{\"@type\":\"PropertyValueSpecification\",\"valueRequired\":true,\"valueName\":\"search_term_string\"}}],\"inLanguage\":\"es-ES\"}]}<\/script>\n<!-- \/ Yoast SEO plugin. -->","yoast_head_json":{"title":"Programa MCG Pro","robots":{"index":"index","follow":"follow","max-snippet":"max-snippet:-1","max-image-preview":"max-image-preview:large","max-video-preview":"max-video-preview:-1"},"canonical":"https:\/\/www.montaltoconsulting.com\/es\/servicios\/programa-mcg-pro\/","og_locale":"es_ES","og_type":"article","og_title":"[:en]MCG Program Pro[:es]Programa MCG Pro[:] - Montalto Consulting","og_description":"[&hellip;]","og_url":"https:\/\/www.montaltoconsulting.com\/es\/servicios\/programa-mcg-pro\/","og_site_name":"Montalto Consulting","article_modified_time":"2020-09-23T06:19:13+00:00","twitter_card":"summary_large_image","twitter_misc":{"Tiempo de lectura":"7 minutos"},"schema":{"@context":"https:\/\/schema.org","@graph":[{"@type":"WebPage","@id":"https:\/\/www.montaltoconsulting.com\/es\/servicios\/programa-mcg-pro\/","url":"https:\/\/www.montaltoconsulting.com\/es\/servicios\/programa-mcg-pro\/","name":"Programa MCG Pro","isPartOf":{"@id":"https:\/\/www.montaltoconsulting.com\/es\/#website"},"datePublished":"2020-06-01T14:41:44+00:00","dateModified":"2020-09-23T06:19:13+00:00","breadcrumb":{"@id":"https:\/\/www.montaltoconsulting.com\/es\/servicios\/programa-mcg-pro\/#breadcrumb"},"inLanguage":"es-ES","potentialAction":[{"@type":"ReadAction","target":["https:\/\/www.montaltoconsulting.com\/es\/servicios\/programa-mcg-pro\/"]}]},{"@type":"BreadcrumbList","@id":"https:\/\/www.montaltoconsulting.com\/es\/servicios\/programa-mcg-pro\/#breadcrumb","itemListElement":[{"@type":"ListItem","position":1,"name":"Portada","item":"https:\/\/www.montaltoconsulting.com\/es\/"},{"@type":"ListItem","position":2,"name":"Servicios","item":"https:\/\/www.montaltoconsulting.com\/es\/servicios\/"},{"@type":"ListItem","position":3,"name":"Programa MCG Pro"}]},{"@type":"WebSite","@id":"https:\/\/www.montaltoconsulting.com\/es\/#website","url":"https:\/\/www.montaltoconsulting.com\/es\/","name":"Montalto Consulting","description":"Montalto Consulting Group","potentialAction":[{"@type":"SearchAction","target":{"@type":"EntryPoint","urlTemplate":"https:\/\/www.montaltoconsulting.com\/es\/?s={search_term_string}"},"query-input":{"@type":"PropertyValueSpecification","valueRequired":true,"valueName":"search_term_string"}}],"inLanguage":"es-ES"}]}},"_links":{"self":[{"href":"https:\/\/www.montaltoconsulting.com\/es\/wp-json\/wp\/v2\/pages\/2343","targetHints":{"allow":["GET"]}}],"collection":[{"href":"https:\/\/www.montaltoconsulting.com\/es\/wp-json\/wp\/v2\/pages"}],"about":[{"href":"https:\/\/www.montaltoconsulting.com\/es\/wp-json\/wp\/v2\/types\/page"}],"author":[{"embeddable":true,"href":"https:\/\/www.montaltoconsulting.com\/es\/wp-json\/wp\/v2\/users\/1"}],"replies":[{"embeddable":true,"href":"https:\/\/www.montaltoconsulting.com\/es\/wp-json\/wp\/v2\/comments?post=2343"}],"version-history":[{"count":13,"href":"https:\/\/www.montaltoconsulting.com\/es\/wp-json\/wp\/v2\/pages\/2343\/revisions"}],"predecessor-version":[{"id":2527,"href":"https:\/\/www.montaltoconsulting.com\/es\/wp-json\/wp\/v2\/pages\/2343\/revisions\/2527"}],"up":[{"embeddable":true,"href":"https:\/\/www.montaltoconsulting.com\/es\/wp-json\/wp\/v2\/pages\/1373"}],"wp:attachment":[{"href":"https:\/\/www.montaltoconsulting.com\/es\/wp-json\/wp\/v2\/media?parent=2343"}],"curies":[{"name":"wp","href":"https:\/\/api.w.org\/{rel}","templated":true}]}}