{"id":3,"date":"2020-02-29T14:22:13","date_gmt":"2020-02-29T14:22:13","guid":{"rendered":"http:\/\/www.montaltoconsulting.com\/?page_id=3"},"modified":"2020-09-30T18:45:01","modified_gmt":"2020-09-30T18:45:01","slug":"privacy-policy","status":"publish","type":"page","link":"https:\/\/www.montaltoconsulting.com\/es\/privacy-policy\/","title":{"rendered":"Pol\u00edtica de Privacidad"},"content":{"rendered":"<div class=\"wpb-content-wrapper\"><p>[vc_row][vc_column][vc_column_text]<\/p>\n<h2><span style=\"color: #ff0000;\">ADVERTENCIA LEGAL<\/span><\/h2>\n<p><strong>CONDICIONES GENERALES DE USO DEL SITIO WE<\/strong>B<\/p>\n<p><strong>www.montaltoconsultinggroup.com<\/strong><\/p>\n<p style=\"text-align: justify;\">Montalto (EN ADELANTE EL PROPIETARIO) con domicilio a efectos de notificaciones en C \/ Montalto con NIF 12345698A pone a disposici\u00f3n en su sitio web www.montaltoconsultinggroup.com determinados contenidos de car\u00e1cter informativo sobre sus actividades. Las presentes condiciones generales regulan \u00fanica y exclusivamente el uso del sitio web de EL PROPIETARIO por parte de los USUARIOS que accedan al mismo. Las presentes condiciones generales se exponen al USUARIO en el sitio web www.montaltoconsultinggroup.com en todas y cada una de las p\u00e1ginas, para que las pueda leer, imprimir, archivar y aceptar a trav\u00e9s de internet y est\u00e9 plenamente informado.<\/p>\n<p style=\"text-align: justify;\"><strong>PRIMERA.- CONDICIONES DE ACCESO Y USO<\/strong><\/p>\n<p style=\"text-align: justify;\">1.1.- La utilizaci\u00f3n del sitio web de EL PROPIETARIO, no implica la obligaci\u00f3n de registro del USUARIO. Las condiciones de acceso y uso de este sitio web se rigen estrictamente por la legalidad vigente y por el principio de buena fe comprometiendo al USUARIO a hacer un buen uso de la web. Quedan prohibidos todos los actos que vulneren la legalidad, derechos o intereses de terceros: privacidad, protecci\u00f3n de datos, propiedad intelectual, etc. El TITULAR proh\u00edbe expresamente lo siguiente:<\/p>\n<p style=\"text-align: justify;\">1.1.1.- Realizar acciones que puedan producir en el sitio web oa trav\u00e9s del mismo por cualquier medio cualquier tipo de da\u00f1o en los sistemas de EL PROPIETARIO o de terceros.<\/p>\n<p style=\"text-align: justify;\">1.1.2.- Realizar sin autorizaci\u00f3n cualquier tipo de publicidad o informaci\u00f3n comercial de forma directa o encubierta, el env\u00edo de mails masivos (\u201cspaming\u201d) o el env\u00edo de grandes mensajes con el fin de bloquear servidores de la red (\u201cmail bombing\u201d).<\/p>\n<p style=\"text-align: justify;\">1.2.- EL PROPIETARIO, podr\u00e1 interrumpir en cualquier momento el acceso a su sitio web si detecta un uso contrario a la licitud, la buena fe oa las presentes condiciones generales &#8211; ver cl\u00e1usula quinta.<\/p>\n<p style=\"text-align: justify;\"><strong>SEGUNDA.- CONTENIDOS.-<\/strong> Los contenidos incorporados en este sitio web han sido elaborados e incluidos por:<\/p>\n<p style=\"text-align: justify;\">2.1.- EL PROPIETARIO utilizando fuentes internas y externas de tal manera que EL PROPIETARIO es el \u00fanico responsable de los contenidos elaborados internamente.<\/p>\n<p style=\"text-align: justify;\">2.2.- EL PROPIETARIO se reserva el derecho a modificar en cualquier momento los contenidos existentes en su sitio web. EL PROPIETARIO no asegura ni se responsabiliza del correcto funcionamiento de los enlaces a sitios web de terceros que aparecen en www.montaltoconsultinggroup.com. Adem\u00e1s, a trav\u00e9s del sitio web del PROPIETARIO se ponen a disposici\u00f3n del usuario los servicios gratuitos y de pago ofrecidos por terceros y se regir\u00e1n por las condiciones particulares de cada uno de ellos. EL PROPIETARIO no garantiza la veracidad, exactitud o actualidad de los contenidos y servicios ofrecidos por terceros y se exime expresamente de toda responsabilidad por los da\u00f1os y perjuicios que pudieran derivarse de la falta de exactitud de estos contenidos y servicios.<\/p>\n<p style=\"text-align: justify;\"><strong>TERCERA.- RESPONSABILIDAD.-<\/strong><\/p>\n<p style=\"text-align: justify;\">3.1.- EN NING\u00daN CASO EL PROPIETARIO SER\u00c1 RESPONSABLE DE:<\/p>\n<p style=\"text-align: justify;\">3.1.1.- Los fallos e incidencias que pudieran producirse en las comunicaciones, borrado o transmisiones incompletas de forma que no garantice que los servicios del sitio web est\u00e9n constantemente operativos.<\/p>\n<p style=\"text-align: justify;\">3.1.2.- De la producci\u00f3n de cualquier tipo de da\u00f1o que los USUARIOS o terceros pudieran ocasionar en el sitio web.<\/p>\n<p style=\"text-align: justify;\">3.1.3.- De la fiabilidad y veracidad de la informaci\u00f3n introducida por terceros en el sitio web, ya sea directamente, bien a trav\u00e9s de enlaces o links. Asimismo, Montalto colaborar\u00e1 y notificar\u00e1 a la autoridad competente estas incidencias en el momento en que tenga conocimiento fehaciente de que los da\u00f1os ocasionados constituyen alg\u00fan tipo de actividad il\u00edcita.<\/p>\n<p style=\"text-align: justify;\">3.2.- EL PROPIETARIO se reserva el derecho a suspender el acceso sin previo aviso de forma discrecional y con car\u00e1cter definitivo o temporal hasta el aseguramiento de la efectiva responsabilidad de los da\u00f1os que pudieran producirse. Asimismo, EL PROPIETARIO colaborar\u00e1 y comunicar\u00e1 a la autoridad competente estas incidencias cuando tenga conocimiento de que el da\u00f1o causado constituye alg\u00fan tipo de actividad il\u00edcita.<\/p>\n<p style=\"text-align: justify;\"><strong>CUARTA.- DERECHOS DE AUTOR Y MARCA.-<\/strong> El sitio web de EL PROPIETARIO &#8211; sus propios contenidos, programaci\u00f3n y dise\u00f1o del sitio web &#8211; se encuentra totalmente protegido por derechos de autor, quedando expresamente prohibida cualquier reproducci\u00f3n, comunicaci\u00f3n, distribuci\u00f3n y transformaci\u00f3n de dichos elementos protegidos salvo consentimiento expreso del PROPIETARIO. Tanto los materiales gr\u00e1ficos como escritos enviados por los usuarios a trav\u00e9s de los medios que se ponen a disposici\u00f3n en el sitio web son propiedad del usuario que afirma remitirles su leg\u00edtima autor\u00eda y cede los derechos de reproducci\u00f3n y distribuci\u00f3n a PROPIETARIO.<\/p>\n<p style=\"text-align: justify;\"><strong>QUINTA.- JURISDICCI\u00d3N Y LEY APLICABLE.-<\/strong> Las presentes condiciones generales se rigen por la ley espa\u00f1ola. Son competentes para resolver cualquier controversia o conflicto que se derive de las presentes condiciones generales los juzgados de Salamanca con renuncia expresa al USUARIO a cualquier otro fuero que pudiera corresponderle.<\/p>\n<p style=\"text-align: justify;\"><strong>SEXTA.-<\/strong> En caso de que alguna cl\u00e1usula de este documento sea declarada nula, las dem\u00e1s cl\u00e1usulas seguir\u00e1n vigentes y se interpretar\u00e1n teniendo en cuenta la voluntad de las partes y la finalidad misma de estas condiciones. EL PROPIETARIO no podr\u00e1 ejercitar.<\/p>\n<p>[\/vc_column_text][\/vc_column][\/vc_row]<\/p>\n<\/div>","protected":false},"excerpt":{"rendered":"<p> [&hellip;]<\/p>\n","protected":false},"author":1,"featured_media":0,"parent":0,"menu_order":0,"comment_status":"closed","ping_status":"open","template":"","meta":{"footnotes":""},"class_list":["post-3","page","type-page","status-publish","hentry"],"yoast_head":"<!-- This site is optimized with the Yoast SEO plugin v27.2 - https:\/\/yoast.com\/product\/yoast-seo-wordpress\/ -->\n<title>Pol\u00edtica de Privacidad<\/title>\n<meta name=\"robots\" content=\"index, follow, max-snippet:-1, max-image-preview:large, max-video-preview:-1\" \/>\n<link rel=\"canonical\" href=\"https:\/\/www.montaltoconsulting.com\/es\/privacy-policy\/\" \/>\n<meta property=\"og:locale\" content=\"es_ES\" \/>\n<meta property=\"og:locale:alternate\" content=\"en_US\" \/>\n<meta property=\"og:type\" content=\"article\" \/>\n<meta property=\"og:title\" content=\"Pol\u00edtica de Privacidad\" \/>\n<meta property=\"og:description\" content=\"[&hellip;]\" \/>\n<meta property=\"og:url\" content=\"https:\/\/www.montaltoconsulting.com\/es\/privacy-policy\/\" \/>\n<meta property=\"og:site_name\" content=\"Montalto Consulting\" \/>\n<meta property=\"article:modified_time\" content=\"2020-09-30T18:45:01+00:00\" \/>\n<meta name=\"twitter:card\" content=\"summary_large_image\" \/>\n<meta name=\"twitter:label1\" content=\"Tiempo de lectura\" \/>\n\t<meta name=\"twitter:data1\" content=\"9 minutos\" \/>\n<script type=\"application\/ld+json\" class=\"yoast-schema-graph\">{\"@context\":\"https:\/\/schema.org\",\"@graph\":[{\"@type\":\"WebPage\",\"@id\":\"https:\/\/www.montaltoconsulting.com\/es\/privacy-policy\/\",\"url\":\"https:\/\/www.montaltoconsulting.com\/es\/privacy-policy\/\",\"name\":\"Pol\u00edtica de Privacidad\",\"isPartOf\":{\"@id\":\"https:\/\/www.montaltoconsulting.com\/es\/#website\"},\"datePublished\":\"2020-02-29T14:22:13+00:00\",\"dateModified\":\"2020-09-30T18:45:01+00:00\",\"breadcrumb\":{\"@id\":\"https:\/\/www.montaltoconsulting.com\/es\/privacy-policy\/#breadcrumb\"},\"inLanguage\":\"es-ES\",\"potentialAction\":[{\"@type\":\"ReadAction\",\"target\":[\"https:\/\/www.montaltoconsulting.com\/es\/privacy-policy\/\"]}]},{\"@type\":\"BreadcrumbList\",\"@id\":\"https:\/\/www.montaltoconsulting.com\/es\/privacy-policy\/#breadcrumb\",\"itemListElement\":[{\"@type\":\"ListItem\",\"position\":1,\"name\":\"Portada\",\"item\":\"https:\/\/www.montaltoconsulting.com\/es\/\"},{\"@type\":\"ListItem\",\"position\":2,\"name\":\"Pol\u00edtica de Privacidad\"}]},{\"@type\":\"WebSite\",\"@id\":\"https:\/\/www.montaltoconsulting.com\/es\/#website\",\"url\":\"https:\/\/www.montaltoconsulting.com\/es\/\",\"name\":\"Montalto Consulting\",\"description\":\"Montalto Consulting Group\",\"potentialAction\":[{\"@type\":\"SearchAction\",\"target\":{\"@type\":\"EntryPoint\",\"urlTemplate\":\"https:\/\/www.montaltoconsulting.com\/es\/?s={search_term_string}\"},\"query-input\":{\"@type\":\"PropertyValueSpecification\",\"valueRequired\":true,\"valueName\":\"search_term_string\"}}],\"inLanguage\":\"es-ES\"}]}<\/script>\n<!-- \/ Yoast SEO plugin. -->","yoast_head_json":{"title":"Pol\u00edtica de Privacidad","robots":{"index":"index","follow":"follow","max-snippet":"max-snippet:-1","max-image-preview":"max-image-preview:large","max-video-preview":"max-video-preview:-1"},"canonical":"https:\/\/www.montaltoconsulting.com\/es\/privacy-policy\/","og_locale":"es_ES","og_type":"article","og_title":"[:en]Privacy Policy[:es]Pol\u00edtica de Privacidad[:] - Montalto Consulting","og_description":"[&hellip;]","og_url":"https:\/\/www.montaltoconsulting.com\/es\/privacy-policy\/","og_site_name":"Montalto Consulting","article_modified_time":"2020-09-30T18:45:01+00:00","twitter_card":"summary_large_image","twitter_misc":{"Tiempo de lectura":"9 minutos"},"schema":{"@context":"https:\/\/schema.org","@graph":[{"@type":"WebPage","@id":"https:\/\/www.montaltoconsulting.com\/es\/privacy-policy\/","url":"https:\/\/www.montaltoconsulting.com\/es\/privacy-policy\/","name":"Pol\u00edtica de Privacidad","isPartOf":{"@id":"https:\/\/www.montaltoconsulting.com\/es\/#website"},"datePublished":"2020-02-29T14:22:13+00:00","dateModified":"2020-09-30T18:45:01+00:00","breadcrumb":{"@id":"https:\/\/www.montaltoconsulting.com\/es\/privacy-policy\/#breadcrumb"},"inLanguage":"es-ES","potentialAction":[{"@type":"ReadAction","target":["https:\/\/www.montaltoconsulting.com\/es\/privacy-policy\/"]}]},{"@type":"BreadcrumbList","@id":"https:\/\/www.montaltoconsulting.com\/es\/privacy-policy\/#breadcrumb","itemListElement":[{"@type":"ListItem","position":1,"name":"Portada","item":"https:\/\/www.montaltoconsulting.com\/es\/"},{"@type":"ListItem","position":2,"name":"Pol\u00edtica de Privacidad"}]},{"@type":"WebSite","@id":"https:\/\/www.montaltoconsulting.com\/es\/#website","url":"https:\/\/www.montaltoconsulting.com\/es\/","name":"Montalto Consulting","description":"Montalto Consulting Group","potentialAction":[{"@type":"SearchAction","target":{"@type":"EntryPoint","urlTemplate":"https:\/\/www.montaltoconsulting.com\/es\/?s={search_term_string}"},"query-input":{"@type":"PropertyValueSpecification","valueRequired":true,"valueName":"search_term_string"}}],"inLanguage":"es-ES"}]}},"_links":{"self":[{"href":"https:\/\/www.montaltoconsulting.com\/es\/wp-json\/wp\/v2\/pages\/3","targetHints":{"allow":["GET"]}}],"collection":[{"href":"https:\/\/www.montaltoconsulting.com\/es\/wp-json\/wp\/v2\/pages"}],"about":[{"href":"https:\/\/www.montaltoconsulting.com\/es\/wp-json\/wp\/v2\/types\/page"}],"author":[{"embeddable":true,"href":"https:\/\/www.montaltoconsulting.com\/es\/wp-json\/wp\/v2\/users\/1"}],"replies":[{"embeddable":true,"href":"https:\/\/www.montaltoconsulting.com\/es\/wp-json\/wp\/v2\/comments?post=3"}],"version-history":[{"count":5,"href":"https:\/\/www.montaltoconsulting.com\/es\/wp-json\/wp\/v2\/pages\/3\/revisions"}],"predecessor-version":[{"id":2566,"href":"https:\/\/www.montaltoconsulting.com\/es\/wp-json\/wp\/v2\/pages\/3\/revisions\/2566"}],"wp:attachment":[{"href":"https:\/\/www.montaltoconsulting.com\/es\/wp-json\/wp\/v2\/media?parent=3"}],"curies":[{"name":"wp","href":"https:\/\/api.w.org\/{rel}","templated":true}]}}