{"id":537,"date":"2017-02-06T07:00:20","date_gmt":"2017-02-06T07:00:20","guid":{"rendered":"http:\/\/localhost\/finance\/?page_id=537"},"modified":"2020-09-23T05:39:52","modified_gmt":"2020-09-23T05:39:52","slug":"consultoria-lean","status":"publish","type":"page","link":"https:\/\/www.montaltoconsulting.com\/es\/servicios\/consultoria-lean\/","title":{"rendered":"Consultor\u00eda Lean"},"content":{"rendered":"<div class=\"wpb-content-wrapper\"><p>[vc_row][vc_column][vc_column_text]<\/p>\n<p style=\"text-align: justify;\">En <strong>mcg<\/strong> te acompa\u00f1amos desde los primeros pasos en el camino a la incorporaci\u00f3n de la filosof\u00eda lean a su organizaci\u00f3n. Nuestro enfoque busca la implementaci\u00f3n de los principios de excelencia operativa, no solo en los procesos productivos, sino en las \u00e1reas de soporte que apoyan las actividades de valor.<\/p>\n<p style=\"text-align: justify;\">Nuestro enfoque viene acompa\u00f1ado de una gesti\u00f3n del cambio en la organizaci\u00f3n, un cambio cultural perdurable en el tiempo.<\/p>\n<p style=\"text-align: justify;\">Desde <strong>mcg<\/strong> sabemos por nuestra experiencia que un despliegue Lean tendr\u00e1 \u00e9xito siempre que:<\/p>\n<ul>\n<li>Contemos con un liderazgo comprometido con la transformaci\u00f3n.<\/li>\n<li>El enfoque lean sea de sistema, no sea solamente una \u201ccaja de herramientas t\u00e9cnicas\u201c<\/li>\n<li>Coherencia de resultados al corto y medio plazo. Nos aseguramos de la implementaci\u00f3n de indicadores robustos que aseguren la gesti\u00f3n sostenible de la organizaci\u00f3n<\/li>\n<li>Desarrollemos el potencial interno de las personas a todos los niveles, desde los directivos hasta la primera l\u00ednea.<\/li>\n<\/ul>\n<p>[\/vc_column_text][\/vc_column][\/vc_row][vc_row][vc_column width=\u00bb1\/2&#8243;][vc_empty_space height=\u00bb24px\u00bb][vc_custom_heading text=\u00bbNuestra Oferta\u00bb font_container=\u00bbtag:h2|text_align:left|color:%23fd2c4c\u00bb use_theme_fonts=\u00bbyes\u00bb][vc_empty_space height=\u00bb24px\u00bb][vc_column_text]<\/p>\n<h4 class=\"box-title\">Diagn\u00f3sticos LEAN:<\/h4>\n<p>Los consultores especializados de\u00a0<strong>mcg<\/strong>, utilizamos para los diagn\u00f3sticos nuestros propios mapas de ruta, basados en la eliminaci\u00f3n del desperdicio y la b\u00fasqueda del valor agregado. El m\u00e9todo mcg tras el diagn\u00f3stico emitir\u00e1 un informe d\u00f3nde:<\/p>\n<ul>\n<li>Se identificar\u00e1n los puntos fuertes y las oportunidades de mejora<\/li>\n<li>Se definir\u00e1 un plan de acci\u00f3n con resultados previstos cuantificados, bas\u00e1ndonos en la aplicaci\u00f3n las herramientas de productividad adecuadas<\/li>\n<\/ul>\n<p>[\/vc_column_text][vc_empty_space height=\u00bb24px\u00bb][vc_column_text]<\/p>\n<h4 class=\"box-title\">M\u00e9todo:<\/h4>\n<p>Tras el diagn\u00f3stico emitir\u00e1 un informe d\u00f3nde:<\/p>\n<ul>\n<li>Se identificar\u00e1n los puntos fuertes y las oportunidades de mejora<\/li>\n<li>Se definir\u00e1 un plan de acci\u00f3n con resultados previstos cuantificados, bas\u00e1ndonos en la aplicaci\u00f3n las herramientas de productividad adecuadas Implantaci\u00f3n de \u201cSistemas de Producci\u00f3n\u201d globales bajo la filosof\u00eda lean<\/li>\n<\/ul>\n<p>[\/vc_column_text][vc_column_text]<\/p>\n<h4 class=\"box-title\">Implementaci\u00f3n:<\/h4>\n<p style=\"text-align: justify;\">Desde <strong>mcg<\/strong> acompa\u00f1amos en la implementaci\u00f3n del sistema dando coherencia y definiendo qu\u00e9, c\u00f3mo, qui\u00e9n y cu\u00e1ndo incorporar cada una de las din\u00e1micas y herramientas para no perder el sentido global del sistema, toman como base 4 pilares.<\/p>\n<ul>\n<li>El Management del cotidiano, los hombres, la gesti\u00f3n del taller.<\/li>\n<li>El Justo a Tiempo (JIT), la gesti\u00f3n de los flujos.<\/li>\n<li>El TPM, la gesti\u00f3n de los medios.<\/li>\n<li>El Dominio de la Calidad.<\/li>\n<\/ul>\n<p>[\/vc_column_text][vc_empty_space height=\u00bb24px\u00bb][\/vc_column][vc_column width=\u00bb1\/2&#8243;][vc_empty_space height=\u00bb50px\u00bb][vc_gallery type=\u00bbflexslider_slide\u00bb interval=\u00bb3&#8243; images=\u00bb2337,2410,2413&#8243; img_size=\u00bbfull\u00bb onclick=\u00bb\u00bb][vc_column_text]<\/p>\n<h4 class=\"box-title\">Resultados Esperados:<\/h4>\n<ul class=\"flat-list\">\n<li>33 a 50% en reducci\u00f3n de los tiempos de espera<\/li>\n<li>20% a50% en reducci\u00f3n de los desperdicios<\/li>\n<li>3%-20% en mejora de la Calidad<\/li>\n<li>20%-50% en reducci\u00f3n de espacio<\/li>\n<li>25%-50% de mejora en eficiencia<\/li>\n<\/ul>\n<p>Reducci\u00f3n en cambio de moldes de 4 horas a 15 minutos[\/vc_column_text][\/vc_column][\/vc_row][vc_row][vc_column][vc_empty_space height=\u00bb40px\u00bb][\/vc_column][\/vc_row]<\/p>\n<\/div>","protected":false},"excerpt":{"rendered":"<p> [&hellip;]<\/p>\n","protected":false},"author":1,"featured_media":0,"parent":1373,"menu_order":0,"comment_status":"closed","ping_status":"closed","template":"tpl\/page_single.php","meta":{"footnotes":""},"class_list":["post-537","page","type-page","status-publish","hentry"],"yoast_head":"<!-- This site is optimized with the Yoast SEO plugin v27.2 - https:\/\/yoast.com\/product\/yoast-seo-wordpress\/ -->\n<title>Consultor\u00eda Lean<\/title>\n<meta name=\"robots\" content=\"index, follow, max-snippet:-1, max-image-preview:large, max-video-preview:-1\" \/>\n<link rel=\"canonical\" href=\"https:\/\/www.montaltoconsulting.com\/es\/servicios\/consultoria-lean\/\" \/>\n<meta property=\"og:locale\" content=\"es_ES\" \/>\n<meta property=\"og:locale:alternate\" content=\"en_US\" \/>\n<meta property=\"og:type\" content=\"article\" \/>\n<meta property=\"og:title\" content=\"Consultor\u00eda Lean\" \/>\n<meta property=\"og:description\" content=\"[&hellip;]\" \/>\n<meta property=\"og:url\" content=\"https:\/\/www.montaltoconsulting.com\/es\/servicios\/consultoria-lean\/\" \/>\n<meta property=\"og:site_name\" content=\"Montalto Consulting\" \/>\n<meta property=\"article:modified_time\" content=\"2020-09-23T05:39:52+00:00\" \/>\n<meta name=\"twitter:card\" content=\"summary_large_image\" \/>\n<meta name=\"twitter:label1\" content=\"Tiempo de lectura\" \/>\n\t<meta name=\"twitter:data1\" content=\"5 minutos\" \/>\n<script type=\"application\/ld+json\" class=\"yoast-schema-graph\">{\"@context\":\"https:\/\/schema.org\",\"@graph\":[{\"@type\":\"WebPage\",\"@id\":\"https:\/\/www.montaltoconsulting.com\/es\/servicios\/consultoria-lean\/\",\"url\":\"https:\/\/www.montaltoconsulting.com\/es\/servicios\/consultoria-lean\/\",\"name\":\"Consultor\u00eda Lean\",\"isPartOf\":{\"@id\":\"https:\/\/www.montaltoconsulting.com\/es\/#website\"},\"datePublished\":\"2017-02-06T07:00:20+00:00\",\"dateModified\":\"2020-09-23T05:39:52+00:00\",\"breadcrumb\":{\"@id\":\"https:\/\/www.montaltoconsulting.com\/es\/servicios\/consultoria-lean\/#breadcrumb\"},\"inLanguage\":\"es-ES\",\"potentialAction\":[{\"@type\":\"ReadAction\",\"target\":[\"https:\/\/www.montaltoconsulting.com\/es\/servicios\/consultoria-lean\/\"]}]},{\"@type\":\"BreadcrumbList\",\"@id\":\"https:\/\/www.montaltoconsulting.com\/es\/servicios\/consultoria-lean\/#breadcrumb\",\"itemListElement\":[{\"@type\":\"ListItem\",\"position\":1,\"name\":\"Portada\",\"item\":\"https:\/\/www.montaltoconsulting.com\/es\/\"},{\"@type\":\"ListItem\",\"position\":2,\"name\":\"Servicios\",\"item\":\"https:\/\/www.montaltoconsulting.com\/es\/servicios\/\"},{\"@type\":\"ListItem\",\"position\":3,\"name\":\"Consultor\u00eda Lean\"}]},{\"@type\":\"WebSite\",\"@id\":\"https:\/\/www.montaltoconsulting.com\/es\/#website\",\"url\":\"https:\/\/www.montaltoconsulting.com\/es\/\",\"name\":\"Montalto Consulting\",\"description\":\"Montalto Consulting Group\",\"potentialAction\":[{\"@type\":\"SearchAction\",\"target\":{\"@type\":\"EntryPoint\",\"urlTemplate\":\"https:\/\/www.montaltoconsulting.com\/es\/?s={search_term_string}\"},\"query-input\":{\"@type\":\"PropertyValueSpecification\",\"valueRequired\":true,\"valueName\":\"search_term_string\"}}],\"inLanguage\":\"es-ES\"}]}<\/script>\n<!-- \/ Yoast SEO plugin. -->","yoast_head_json":{"title":"Consultor\u00eda Lean","robots":{"index":"index","follow":"follow","max-snippet":"max-snippet:-1","max-image-preview":"max-image-preview:large","max-video-preview":"max-video-preview:-1"},"canonical":"https:\/\/www.montaltoconsulting.com\/es\/servicios\/consultoria-lean\/","og_locale":"es_ES","og_type":"article","og_title":"[:en]Lean Consulting[:es]Consultor\u00eda Lean[:] - Montalto Consulting","og_description":"[&hellip;]","og_url":"https:\/\/www.montaltoconsulting.com\/es\/servicios\/consultoria-lean\/","og_site_name":"Montalto Consulting","article_modified_time":"2020-09-23T05:39:52+00:00","twitter_card":"summary_large_image","twitter_misc":{"Tiempo de lectura":"5 minutos"},"schema":{"@context":"https:\/\/schema.org","@graph":[{"@type":"WebPage","@id":"https:\/\/www.montaltoconsulting.com\/es\/servicios\/consultoria-lean\/","url":"https:\/\/www.montaltoconsulting.com\/es\/servicios\/consultoria-lean\/","name":"Consultor\u00eda Lean","isPartOf":{"@id":"https:\/\/www.montaltoconsulting.com\/es\/#website"},"datePublished":"2017-02-06T07:00:20+00:00","dateModified":"2020-09-23T05:39:52+00:00","breadcrumb":{"@id":"https:\/\/www.montaltoconsulting.com\/es\/servicios\/consultoria-lean\/#breadcrumb"},"inLanguage":"es-ES","potentialAction":[{"@type":"ReadAction","target":["https:\/\/www.montaltoconsulting.com\/es\/servicios\/consultoria-lean\/"]}]},{"@type":"BreadcrumbList","@id":"https:\/\/www.montaltoconsulting.com\/es\/servicios\/consultoria-lean\/#breadcrumb","itemListElement":[{"@type":"ListItem","position":1,"name":"Portada","item":"https:\/\/www.montaltoconsulting.com\/es\/"},{"@type":"ListItem","position":2,"name":"Servicios","item":"https:\/\/www.montaltoconsulting.com\/es\/servicios\/"},{"@type":"ListItem","position":3,"name":"Consultor\u00eda Lean"}]},{"@type":"WebSite","@id":"https:\/\/www.montaltoconsulting.com\/es\/#website","url":"https:\/\/www.montaltoconsulting.com\/es\/","name":"Montalto Consulting","description":"Montalto Consulting Group","potentialAction":[{"@type":"SearchAction","target":{"@type":"EntryPoint","urlTemplate":"https:\/\/www.montaltoconsulting.com\/es\/?s={search_term_string}"},"query-input":{"@type":"PropertyValueSpecification","valueRequired":true,"valueName":"search_term_string"}}],"inLanguage":"es-ES"}]}},"_links":{"self":[{"href":"https:\/\/www.montaltoconsulting.com\/es\/wp-json\/wp\/v2\/pages\/537","targetHints":{"allow":["GET"]}}],"collection":[{"href":"https:\/\/www.montaltoconsulting.com\/es\/wp-json\/wp\/v2\/pages"}],"about":[{"href":"https:\/\/www.montaltoconsulting.com\/es\/wp-json\/wp\/v2\/types\/page"}],"author":[{"embeddable":true,"href":"https:\/\/www.montaltoconsulting.com\/es\/wp-json\/wp\/v2\/users\/1"}],"replies":[{"embeddable":true,"href":"https:\/\/www.montaltoconsulting.com\/es\/wp-json\/wp\/v2\/comments?post=537"}],"version-history":[{"count":27,"href":"https:\/\/www.montaltoconsulting.com\/es\/wp-json\/wp\/v2\/pages\/537\/revisions"}],"predecessor-version":[{"id":2519,"href":"https:\/\/www.montaltoconsulting.com\/es\/wp-json\/wp\/v2\/pages\/537\/revisions\/2519"}],"up":[{"embeddable":true,"href":"https:\/\/www.montaltoconsulting.com\/es\/wp-json\/wp\/v2\/pages\/1373"}],"wp:attachment":[{"href":"https:\/\/www.montaltoconsulting.com\/es\/wp-json\/wp\/v2\/media?parent=537"}],"curies":[{"name":"wp","href":"https:\/\/api.w.org\/{rel}","templated":true}]}}