{"id":745,"date":"2017-02-24T10:26:48","date_gmt":"2017-02-24T10:26:48","guid":{"rendered":"http:\/\/localhost\/finance\/?page_id=745"},"modified":"2020-09-22T17:20:01","modified_gmt":"2020-09-22T17:20:01","slug":"blog","status":"publish","type":"page","link":"https:\/\/www.montaltoconsulting.com\/es\/blog\/","title":{"rendered":"Blog"},"content":{"rendered":"<div class=\"wpb-content-wrapper\"><p>[vc_row][vc_column width=\u00bb2\/3&#8243;]\n\t\t\t<div class=\"blog-shortcode  blog-grid blog-two-columns\">\n\n\t\t\t\n\t\t\t\t        \t<article class=\"entry\">\n\t        \t\t<div class=\"entry-border\">\n\t\t\t\t\t\t<div class=\"featured-post\">\n\t\t\t\t\t\t\t<a href=\"https:\/\/www.montaltoconsulting.com\/es\/hazlo-simple-make-it-simple\/\">\t\t\t\t\t\t\t\n\t\t\t\t\t\t\t\t<img loading=\"lazy\" decoding=\"async\" width=\"370\" height=\"247\" src=\"https:\/\/www.montaltoconsulting.com\/wp-content\/uploads\/2020\/04\/blog2-370x247.jpg\" class=\"attachment-themesflat-blog-shortcode size-themesflat-blog-shortcode wp-post-image\" alt=\"\" \/>\t\t\t\t\t\t\t<\/a>\n\t\t\t\t\t\t<\/div>\n\t\t\t\t\t\t<div class=\"content-post\">\n\t\t\t\t\t\t\t<h2><a href=\"https:\/\/www.montaltoconsulting.com\/es\/hazlo-simple-make-it-simple\/\">Hazlo simple (make it simple)<\/a><\/h2>\n\n\t\t\t\t\t\t\t<div class=\"entry-meta clearfix\">\n\t\t\t\t\t\t\t\t<span class=\"entry-date\">01<\/span>\n\t\t\t\t\t\t\t\t<span class=\"entry-month\">Abr<\/span>\n\t\t\t\t\t\t\t<\/div><!-- .meta-post -->\n\t\t\t\t\t\t\t\n\t\t\t\t\t\t\t\t\t\t\t\t\t<\/div>\n\t\t\t\t\t<\/div>\n\t\t\t\t<\/article><!-- \/.entry -->\n\n\t\t\t\t        \t<article class=\"entry\">\n\t        \t\t<div class=\"entry-border\">\n\t\t\t\t\t\t<div class=\"featured-post\">\n\t\t\t\t\t\t\t<a href=\"https:\/\/www.montaltoconsulting.com\/es\/la-organizacion-en-unidades-autonomas-de-produccion-uap\/\">\t\t\t\t\t\t\t\n\t\t\t\t\t\t\t\t<img loading=\"lazy\" decoding=\"async\" width=\"370\" height=\"247\" src=\"https:\/\/www.montaltoconsulting.com\/wp-content\/uploads\/2020\/05\/blog6-370x247.jpg\" class=\"attachment-themesflat-blog-shortcode size-themesflat-blog-shortcode wp-post-image\" alt=\"\" \/>\t\t\t\t\t\t\t<\/a>\n\t\t\t\t\t\t<\/div>\n\t\t\t\t\t\t<div class=\"content-post\">\n\t\t\t\t\t\t\t<h2><a href=\"https:\/\/www.montaltoconsulting.com\/es\/la-organizacion-en-unidades-autonomas-de-produccion-uap\/\">La organizaci\u00f3n en Unidades Aut\u00f3nomas de Producci\u00f3n (UAP)<\/a><\/h2>\n\n\t\t\t\t\t\t\t<div class=\"entry-meta clearfix\">\n\t\t\t\t\t\t\t\t<span class=\"entry-date\">15<\/span>\n\t\t\t\t\t\t\t\t<span class=\"entry-month\">Mar<\/span>\n\t\t\t\t\t\t\t<\/div><!-- .meta-post -->\n\t\t\t\t\t\t\t\n\t\t\t\t\t\t\t\t\t\t\t\t\t<\/div>\n\t\t\t\t\t<\/div>\n\t\t\t\t<\/article><!-- \/.entry -->\n\n\t\t\t\t        \t<article class=\"entry\">\n\t        \t\t<div class=\"entry-border\">\n\t\t\t\t\t\t<div class=\"featured-post\">\n\t\t\t\t\t\t\t<a href=\"https:\/\/www.montaltoconsulting.com\/es\/tpm-la-metodologia-para-dominar-los-medios-de-produccion-y-no-verse-dominado-por-ellos\/\">\t\t\t\t\t\t\t\n\t\t\t\t\t\t\t\t<img loading=\"lazy\" decoding=\"async\" width=\"370\" height=\"247\" src=\"https:\/\/www.montaltoconsulting.com\/wp-content\/uploads\/2020\/04\/blog4-370x247.jpg\" class=\"attachment-themesflat-blog-shortcode size-themesflat-blog-shortcode wp-post-image\" alt=\"\" \/>\t\t\t\t\t\t\t<\/a>\n\t\t\t\t\t\t<\/div>\n\t\t\t\t\t\t<div class=\"content-post\">\n\t\t\t\t\t\t\t<h2><a href=\"https:\/\/www.montaltoconsulting.com\/es\/tpm-la-metodologia-para-dominar-los-medios-de-produccion-y-no-verse-dominado-por-ellos\/\">TPM, la metodolog\u00eda para dominar los medios de producci\u00f3n y no verse dominado por ellos<\/a><\/h2>\n\n\t\t\t\t\t\t\t<div class=\"entry-meta clearfix\">\n\t\t\t\t\t\t\t\t<span class=\"entry-date\">01<\/span>\n\t\t\t\t\t\t\t\t<span class=\"entry-month\">Mar<\/span>\n\t\t\t\t\t\t\t<\/div><!-- .meta-post -->\n\t\t\t\t\t\t\t\n\t\t\t\t\t\t\t\t\t\t\t\t\t<\/div>\n\t\t\t\t\t<\/div>\n\t\t\t\t<\/article><!-- \/.entry -->\n\n\t\t\t\t        \t<article class=\"entry\">\n\t        \t\t<div class=\"entry-border\">\n\t\t\t\t\t\t<div class=\"featured-post\">\n\t\t\t\t\t\t\t<a href=\"https:\/\/www.montaltoconsulting.com\/es\/gestion-del-tiempo-ejemplaridad\/\">\t\t\t\t\t\t\t\n\t\t\t\t\t\t\t\t<img loading=\"lazy\" decoding=\"async\" width=\"370\" height=\"247\" src=\"https:\/\/www.montaltoconsulting.com\/wp-content\/uploads\/2020\/04\/blog5-370x247.jpg\" class=\"attachment-themesflat-blog-shortcode size-themesflat-blog-shortcode wp-post-image\" alt=\"\" \/>\t\t\t\t\t\t\t<\/a>\n\t\t\t\t\t\t<\/div>\n\t\t\t\t\t\t<div class=\"content-post\">\n\t\t\t\t\t\t\t<h2><a href=\"https:\/\/www.montaltoconsulting.com\/es\/gestion-del-tiempo-ejemplaridad\/\">Gesti\u00f3n del tiempo: Ejemplaridad<\/a><\/h2>\n\n\t\t\t\t\t\t\t<div class=\"entry-meta clearfix\">\n\t\t\t\t\t\t\t\t<span class=\"entry-date\">15<\/span>\n\t\t\t\t\t\t\t\t<span class=\"entry-month\">Feb<\/span>\n\t\t\t\t\t\t\t<\/div><!-- .meta-post -->\n\t\t\t\t\t\t\t\n\t\t\t\t\t\t\t\t\t\t\t\t\t<\/div>\n\t\t\t\t\t<\/div>\n\t\t\t\t<\/article><!-- \/.entry -->\n\n\t\t\t\t        \t<article class=\"entry\">\n\t        \t\t<div class=\"entry-border\">\n\t\t\t\t\t\t<div class=\"featured-post\">\n\t\t\t\t\t\t\t<a href=\"https:\/\/www.montaltoconsulting.com\/es\/que-es-lean\/\">\t\t\t\t\t\t\t\n\t\t\t\t\t\t\t\t<img loading=\"lazy\" decoding=\"async\" width=\"370\" height=\"247\" src=\"https:\/\/www.montaltoconsulting.com\/wp-content\/uploads\/2020\/05\/blog7-370x247.jpg\" class=\"attachment-themesflat-blog-shortcode size-themesflat-blog-shortcode wp-post-image\" alt=\"\" \/>\t\t\t\t\t\t\t<\/a>\n\t\t\t\t\t\t<\/div>\n\t\t\t\t\t\t<div class=\"content-post\">\n\t\t\t\t\t\t\t<h2><a href=\"https:\/\/www.montaltoconsulting.com\/es\/que-es-lean\/\">\u00bfQu\u00e9 es LEAN?<\/a><\/h2>\n\n\t\t\t\t\t\t\t<div class=\"entry-meta clearfix\">\n\t\t\t\t\t\t\t\t<span class=\"entry-date\">01<\/span>\n\t\t\t\t\t\t\t\t<span class=\"entry-month\">Feb<\/span>\n\t\t\t\t\t\t\t<\/div><!-- .meta-post -->\n\t\t\t\t\t\t\t\n\t\t\t\t\t\t\t\t\t\t\t\t\t<\/div>\n\t\t\t\t\t<\/div>\n\t\t\t\t<\/article><!-- \/.entry -->\n\n\t\t\t<\/div>[\/vc_column][vc_column width=\u00bb1\/3&#8243;][vc_widget_sidebar sidebar_id=\u00bbsidebar-blog\u00bb][\/vc_column][\/vc_row]<\/p>\n<\/div>","protected":false},"excerpt":{"rendered":"<p> [&hellip;]<\/p>\n","protected":false},"author":1,"featured_media":0,"parent":0,"menu_order":0,"comment_status":"closed","ping_status":"closed","template":"","meta":{"footnotes":""},"class_list":["post-745","page","type-page","status-publish","hentry"],"yoast_head":"<!-- This site is optimized with the Yoast SEO plugin v27.2 - https:\/\/yoast.com\/product\/yoast-seo-wordpress\/ -->\n<title>Blog - Montalto Consulting<\/title>\n<meta name=\"robots\" content=\"index, follow, max-snippet:-1, max-image-preview:large, max-video-preview:-1\" \/>\n<link rel=\"canonical\" href=\"https:\/\/www.montaltoconsulting.com\/es\/blog\/\" \/>\n<meta property=\"og:locale\" content=\"es_ES\" \/>\n<meta property=\"og:locale:alternate\" content=\"en_US\" \/>\n<meta property=\"og:type\" content=\"article\" \/>\n<meta property=\"og:title\" content=\"Blog - Montalto Consulting\" \/>\n<meta property=\"og:description\" content=\"[&hellip;]\" \/>\n<meta property=\"og:url\" content=\"https:\/\/www.montaltoconsulting.com\/es\/que-es-lean\/\" \/>\n<meta property=\"og:site_name\" content=\"Montalto Consulting\" \/>\n<meta property=\"article:modified_time\" content=\"2020-09-22T17:20:01+00:00\" \/>\n<meta name=\"twitter:card\" content=\"summary_large_image\" \/>\n<script type=\"application\/ld+json\" class=\"yoast-schema-graph\">{\"@context\":\"https:\/\/schema.org\",\"@graph\":[{\"@type\":\"WebPage\",\"@id\":\"https:\/\/www.montaltoconsulting.com\/es\/blog\/\",\"url\":\"https:\/\/www.montaltoconsulting.com\/es\/blog\/\",\"name\":\"Blog - Montalto Consulting\",\"isPartOf\":{\"@id\":\"https:\/\/www.montaltoconsulting.com\/es\/#website\"},\"datePublished\":\"2017-02-24T10:26:48+00:00\",\"dateModified\":\"2020-09-22T17:20:01+00:00\",\"breadcrumb\":{\"@id\":\"https:\/\/www.montaltoconsulting.com\/es\/blog\/#breadcrumb\"},\"inLanguage\":\"es-ES\",\"potentialAction\":[{\"@type\":\"ReadAction\",\"target\":[\"https:\/\/www.montaltoconsulting.com\/es\/blog\/\"]}]},{\"@type\":\"BreadcrumbList\",\"@id\":\"https:\/\/www.montaltoconsulting.com\/es\/blog\/#breadcrumb\",\"itemListElement\":[{\"@type\":\"ListItem\",\"position\":1,\"name\":\"Portada\",\"item\":\"https:\/\/www.montaltoconsulting.com\/es\/\"},{\"@type\":\"ListItem\",\"position\":2,\"name\":\"Blog\"}]},{\"@type\":\"WebSite\",\"@id\":\"https:\/\/www.montaltoconsulting.com\/es\/#website\",\"url\":\"https:\/\/www.montaltoconsulting.com\/es\/\",\"name\":\"Montalto Consulting\",\"description\":\"Montalto Consulting Group\",\"potentialAction\":[{\"@type\":\"SearchAction\",\"target\":{\"@type\":\"EntryPoint\",\"urlTemplate\":\"https:\/\/www.montaltoconsulting.com\/es\/?s={search_term_string}\"},\"query-input\":{\"@type\":\"PropertyValueSpecification\",\"valueRequired\":true,\"valueName\":\"search_term_string\"}}],\"inLanguage\":\"es-ES\"}]}<\/script>\n<!-- \/ Yoast SEO plugin. -->","yoast_head_json":{"title":"Blog - Montalto Consulting","robots":{"index":"index","follow":"follow","max-snippet":"max-snippet:-1","max-image-preview":"max-image-preview:large","max-video-preview":"max-video-preview:-1"},"canonical":"https:\/\/www.montaltoconsulting.com\/es\/blog\/","og_locale":"es_ES","og_type":"article","og_title":"Blog - Montalto Consulting","og_description":"[&hellip;]","og_url":"https:\/\/www.montaltoconsulting.com\/es\/que-es-lean\/","og_site_name":"Montalto Consulting","article_modified_time":"2020-09-22T17:20:01+00:00","twitter_card":"summary_large_image","schema":{"@context":"https:\/\/schema.org","@graph":[{"@type":"WebPage","@id":"https:\/\/www.montaltoconsulting.com\/es\/blog\/","url":"https:\/\/www.montaltoconsulting.com\/es\/blog\/","name":"Blog - Montalto Consulting","isPartOf":{"@id":"https:\/\/www.montaltoconsulting.com\/es\/#website"},"datePublished":"2017-02-24T10:26:48+00:00","dateModified":"2020-09-22T17:20:01+00:00","breadcrumb":{"@id":"https:\/\/www.montaltoconsulting.com\/es\/blog\/#breadcrumb"},"inLanguage":"es-ES","potentialAction":[{"@type":"ReadAction","target":["https:\/\/www.montaltoconsulting.com\/es\/blog\/"]}]},{"@type":"BreadcrumbList","@id":"https:\/\/www.montaltoconsulting.com\/es\/blog\/#breadcrumb","itemListElement":[{"@type":"ListItem","position":1,"name":"Portada","item":"https:\/\/www.montaltoconsulting.com\/es\/"},{"@type":"ListItem","position":2,"name":"Blog"}]},{"@type":"WebSite","@id":"https:\/\/www.montaltoconsulting.com\/es\/#website","url":"https:\/\/www.montaltoconsulting.com\/es\/","name":"Montalto Consulting","description":"Montalto Consulting Group","potentialAction":[{"@type":"SearchAction","target":{"@type":"EntryPoint","urlTemplate":"https:\/\/www.montaltoconsulting.com\/es\/?s={search_term_string}"},"query-input":{"@type":"PropertyValueSpecification","valueRequired":true,"valueName":"search_term_string"}}],"inLanguage":"es-ES"}]}},"_links":{"self":[{"href":"https:\/\/www.montaltoconsulting.com\/es\/wp-json\/wp\/v2\/pages\/745","targetHints":{"allow":["GET"]}}],"collection":[{"href":"https:\/\/www.montaltoconsulting.com\/es\/wp-json\/wp\/v2\/pages"}],"about":[{"href":"https:\/\/www.montaltoconsulting.com\/es\/wp-json\/wp\/v2\/types\/page"}],"author":[{"embeddable":true,"href":"https:\/\/www.montaltoconsulting.com\/es\/wp-json\/wp\/v2\/users\/1"}],"replies":[{"embeddable":true,"href":"https:\/\/www.montaltoconsulting.com\/es\/wp-json\/wp\/v2\/comments?post=745"}],"version-history":[{"count":15,"href":"https:\/\/www.montaltoconsulting.com\/es\/wp-json\/wp\/v2\/pages\/745\/revisions"}],"predecessor-version":[{"id":2480,"href":"https:\/\/www.montaltoconsulting.com\/es\/wp-json\/wp\/v2\/pages\/745\/revisions\/2480"}],"wp:attachment":[{"href":"https:\/\/www.montaltoconsulting.com\/es\/wp-json\/wp\/v2\/media?parent=745"}],"curies":[{"name":"wp","href":"https:\/\/api.w.org\/{rel}","templated":true}]}}